{"id":53,"date":"2022-10-02T13:58:27","date_gmt":"2022-10-02T11:58:27","guid":{"rendered":"http:\/\/acuqvnz.cluster029.hosting.ovh.net\/?page_id=53"},"modified":"2025-11-23T17:29:14","modified_gmt":"2025-11-23T16:29:14","slug":"distillerie-dandelion","status":"publish","type":"page","link":"https:\/\/www.distillerie-dandelion.com\/","title":{"rendered":"Distillerie Dandelion"},"content":{"rendered":"\n<p class=\"has-background-color has-text-color\"><\/p>\n\n\n\n<p>La distillerie Dandelion est l&rsquo;un des deux ateliers d\u2019une petite ferme situ\u00e9e \u00e0 Dournazac (87) au c\u0153ur du Parc Naturel R\u00e9gional du P\u00e9rigord Limousin.<br>Nous avons \u00e0 c\u0153ur de r\u00e9aliser l\u2019ensemble des \u00e9tapes de la fabrication de nos eaux-de-vie et liqueurs. Nous cultivons 2,5 ha de vergers, distillons les fruits et assurons la confection et la mise en bouteilles des liqueurs.<\/p>\n\n\n\n<div class=\"wp-block-media-text alignfull has-media-on-the-right is-stacked-on-mobile is-vertically-aligned-top is-image-fill-element has-background-color has-text-color has-background has-link-color wp-elements-85e0b1909a5684c279d897c36b559c9c\" style=\"background-color:#2d3871;grid-template-columns:auto 28%\"><div class=\"wp-block-media-text__content\">\n<div class=\"wp-block-group has-link-color wp-elements-292d6215c1b97ab9452f1c599fec3654 is-layout-flow wp-block-group-is-layout-flow\" style=\"padding-top:2em;padding-right:2em;padding-bottom:2em;padding-left:2em\">\n<h2 class=\"wp-block-heading titresperos has-base-2-color has-text-color has-link-color wp-elements-5a3ca649a336cdb81c50e9b3d85480aa\" style=\"font-size:clamp(27.894px, 1.743rem + ((1vw - 3.2px) * 2.094), 48px);line-height:1.15\">Les liqueurs<\/h2>\n\n\n\n<p class=\"has-base-2-color has-text-color\">Les liqueurs sont obtenues par mac\u00e9ration \u00e0 froid de fruits, de fleurs ou de plantes dans l\u2019eau-de-vie de pomme. Cette mac\u00e9ration dure environ un mois, et permet l\u2019extraction des saveurs par l&rsquo;alcool. Les plantes, fleurs et fruits utilis\u00e9s pour les mac\u00e9rations sont cultiv\u00e9s \u00e0 la ferme en agriculture biologique. <\/p>\n\n\n\n<p class=\"has-base-2-color has-text-color\">Nous n&rsquo;utilisons aucun ar\u00f4me ni aucun colorant. Toutes les bouteilles de liqueurs que nous proposons ont un volume de 50cl. Le degr\u00e9 alcoolique des liqueurs est de 18% Vol.<\/p>\n\n\n\n<div class=\"wp-block-buttons is-layout-flex wp-block-buttons-is-layout-flex\">\n<div class=\"wp-block-button is-style-fill\"><a class=\"wp-block-button__link has-background wp-element-button\" href=\"https:\/\/miellerie-distillerie-dandelion.sumupstore.com\/\" style=\"background-color:#4b86c3\" target=\"_blank\" rel=\"noreferrer noopener\">La boutique >>>><\/a><\/div>\n<\/div>\n<\/div>\n<\/div><figure class=\"wp-block-media-text__media\"><img loading=\"lazy\" decoding=\"async\" width=\"680\" height=\"1024\" src=\"http:\/\/acuqvnz.cluster029.hosting.ovh.net\/wp-content\/uploads\/2022\/10\/DSC_0117-680x1024.jpg\" alt=\"\" class=\"wp-image-66 size-full\" style=\"object-position:50% 50%\" srcset=\"https:\/\/www.distillerie-dandelion.com\/wp-content\/uploads\/2022\/10\/DSC_0117-680x1024.jpg 680w, https:\/\/www.distillerie-dandelion.com\/wp-content\/uploads\/2022\/10\/DSC_0117-scaled-600x904.jpg 600w, https:\/\/www.distillerie-dandelion.com\/wp-content\/uploads\/2022\/10\/DSC_0117-199x300.jpg 199w, https:\/\/www.distillerie-dandelion.com\/wp-content\/uploads\/2022\/10\/DSC_0117-768x1156.jpg 768w, https:\/\/www.distillerie-dandelion.com\/wp-content\/uploads\/2022\/10\/DSC_0117-1020x1536.jpg 1020w, https:\/\/www.distillerie-dandelion.com\/wp-content\/uploads\/2022\/10\/DSC_0117-1360x2048.jpg 1360w, https:\/\/www.distillerie-dandelion.com\/wp-content\/uploads\/2022\/10\/DSC_0117-1200x1807.jpg 1200w, https:\/\/www.distillerie-dandelion.com\/wp-content\/uploads\/2022\/10\/DSC_0117-1980x2981.jpg 1980w, https:\/\/www.distillerie-dandelion.com\/wp-content\/uploads\/2022\/10\/DSC_0117-scaled.jpg 1700w\" sizes=\"auto, (max-width: 680px) 100vw, 680px\" \/><\/figure><\/div>\n\n\n\n<div class=\"wp-block-columns alignwide bloc-perso is-layout-flex wp-container-core-columns-is-layout-28f84493 wp-block-columns-is-layout-flex\">\n<div class=\"wp-block-column is-layout-flow wp-block-column-is-layout-flow\">\n<figure class=\"wp-block-image aligncenter size-full is-resized\"><img loading=\"lazy\" decoding=\"async\" width=\"272\" height=\"544\" src=\"http:\/\/acuqvnz.cluster029.hosting.ovh.net\/wp-content\/uploads\/2022\/10\/produits-1.png\" alt=\"\" class=\"wp-image-72\" style=\"width:179px;height:358px\" srcset=\"https:\/\/www.distillerie-dandelion.com\/wp-content\/uploads\/2022\/10\/produits-1.png 272w, https:\/\/www.distillerie-dandelion.com\/wp-content\/uploads\/2022\/10\/produits-1-150x300.png 150w\" sizes=\"auto, (max-width: 272px) 100vw, 272px\" \/><\/figure>\n\n\n\n<p class=\"has-text-align-center\">Liqueur de Cassis<\/p>\n<\/div>\n\n\n\n<div class=\"wp-block-column is-layout-flow wp-block-column-is-layout-flow\">\n<figure class=\"wp-block-image aligncenter size-full is-resized\"><img loading=\"lazy\" decoding=\"async\" width=\"272\" height=\"544\" src=\"http:\/\/acuqvnz.cluster029.hosting.ovh.net\/wp-content\/uploads\/2022\/10\/produits2.png\" alt=\"\" class=\"wp-image-73\" style=\"width:179px\" srcset=\"https:\/\/www.distillerie-dandelion.com\/wp-content\/uploads\/2022\/10\/produits2.png 272w, https:\/\/www.distillerie-dandelion.com\/wp-content\/uploads\/2022\/10\/produits2-150x300.png 150w\" sizes=\"auto, (max-width: 272px) 100vw, 272px\" \/><\/figure>\n\n\n\n<p class=\"has-text-align-center\">Liqueur de Cerise<\/p>\n<\/div>\n\n\n\n<div class=\"wp-block-column is-layout-flow wp-block-column-is-layout-flow\">\n<figure class=\"wp-block-image aligncenter size-full is-resized\"><img loading=\"lazy\" decoding=\"async\" width=\"272\" height=\"544\" src=\"http:\/\/acuqvnz.cluster029.hosting.ovh.net\/wp-content\/uploads\/2022\/10\/produits3.png\" alt=\"\" class=\"wp-image-74\" style=\"width:179px\" srcset=\"https:\/\/www.distillerie-dandelion.com\/wp-content\/uploads\/2022\/10\/produits3.png 272w, https:\/\/www.distillerie-dandelion.com\/wp-content\/uploads\/2022\/10\/produits3-150x300.png 150w\" sizes=\"auto, (max-width: 272px) 100vw, 272px\" \/><\/figure>\n\n\n\n<p class=\"has-text-align-center\">Liqueur de Framboise<\/p>\n<\/div>\n\n\n\n<div class=\"wp-block-column is-layout-flow wp-block-column-is-layout-flow\">\n<figure class=\"wp-block-image aligncenter size-full is-resized\"><img loading=\"lazy\" decoding=\"async\" width=\"272\" height=\"544\" src=\"http:\/\/acuqvnz.cluster029.hosting.ovh.net\/wp-content\/uploads\/2022\/10\/produits4.png\" alt=\"\" class=\"wp-image-75\" style=\"width:179px\" srcset=\"https:\/\/www.distillerie-dandelion.com\/wp-content\/uploads\/2022\/10\/produits4.png 272w, https:\/\/www.distillerie-dandelion.com\/wp-content\/uploads\/2022\/10\/produits4-150x300.png 150w\" sizes=\"auto, (max-width: 272px) 100vw, 272px\" \/><\/figure>\n\n\n\n<p class=\"has-text-align-center\">Liqueur de Groseille<\/p>\n<\/div>\n<\/div>\n\n\n\n<div class=\"wp-block-columns alignwide is-layout-flex wp-container-core-columns-is-layout-28f84493 wp-block-columns-is-layout-flex\">\n<div class=\"wp-block-column is-layout-flow wp-block-column-is-layout-flow\">\n<figure class=\"wp-block-image aligncenter size-full is-resized\"><img loading=\"lazy\" decoding=\"async\" width=\"272\" height=\"544\" src=\"http:\/\/acuqvnz.cluster029.hosting.ovh.net\/wp-content\/uploads\/2022\/10\/produits5.png\" alt=\"\" class=\"wp-image-77\" style=\"width:179px\" srcset=\"https:\/\/www.distillerie-dandelion.com\/wp-content\/uploads\/2022\/10\/produits5.png 272w, https:\/\/www.distillerie-dandelion.com\/wp-content\/uploads\/2022\/10\/produits5-150x300.png 150w\" sizes=\"auto, (max-width: 272px) 100vw, 272px\" \/><\/figure>\n\n\n\n<p class=\"has-text-align-center\">Liqueur de Menthe<\/p>\n<\/div>\n\n\n\n<div class=\"wp-block-column is-layout-flow wp-block-column-is-layout-flow\">\n<figure class=\"wp-block-image aligncenter size-full is-resized\"><img loading=\"lazy\" decoding=\"async\" width=\"272\" height=\"544\" src=\"http:\/\/acuqvnz.cluster029.hosting.ovh.net\/wp-content\/uploads\/2022\/10\/produits8.png\" alt=\"\" class=\"wp-image-78\" style=\"width:179px\" srcset=\"https:\/\/www.distillerie-dandelion.com\/wp-content\/uploads\/2022\/10\/produits8.png 272w, https:\/\/www.distillerie-dandelion.com\/wp-content\/uploads\/2022\/10\/produits8-150x300.png 150w\" sizes=\"auto, (max-width: 272px) 100vw, 272px\" \/><\/figure>\n\n\n\n<p class=\"has-text-align-center\">Liqueur de Sureau<\/p>\n<\/div>\n\n\n\n<div class=\"wp-block-column is-layout-flow wp-block-column-is-layout-flow\">\n<figure class=\"wp-block-image aligncenter size-full is-resized\"><img loading=\"lazy\" decoding=\"async\" width=\"272\" height=\"544\" src=\"http:\/\/acuqvnz.cluster029.hosting.ovh.net\/wp-content\/uploads\/2022\/10\/produits7.png\" alt=\"\" class=\"wp-image-80\" style=\"width:179px\" srcset=\"https:\/\/www.distillerie-dandelion.com\/wp-content\/uploads\/2022\/10\/produits7.png 272w, https:\/\/www.distillerie-dandelion.com\/wp-content\/uploads\/2022\/10\/produits7-150x300.png 150w\" sizes=\"auto, (max-width: 272px) 100vw, 272px\" \/><\/figure>\n\n\n\n<p class=\"has-text-align-center\">Liqueur de Romarin<\/p>\n<\/div>\n\n\n\n<div class=\"wp-block-column is-layout-flow wp-block-column-is-layout-flow\">\n<figure class=\"wp-block-image aligncenter size-full is-resized\"><img loading=\"lazy\" decoding=\"async\" width=\"272\" height=\"544\" src=\"http:\/\/acuqvnz.cluster029.hosting.ovh.net\/wp-content\/uploads\/2022\/10\/produits6.png\" alt=\"\" class=\"wp-image-79\" style=\"width:178px;height:356px\" srcset=\"https:\/\/www.distillerie-dandelion.com\/wp-content\/uploads\/2022\/10\/produits6.png 272w, https:\/\/www.distillerie-dandelion.com\/wp-content\/uploads\/2022\/10\/produits6-150x300.png 150w\" sizes=\"auto, (max-width: 272px) 100vw, 272px\" \/><\/figure>\n\n\n\n<p class=\"has-text-align-center\">Liqueur de Rhubarbe<\/p>\n<\/div>\n<\/div>\n\n\n\n<div class=\"wp-block-media-text alignfull is-stacked-on-mobile has-background\" style=\"background-color:#4b86c3\"><figure class=\"wp-block-media-text__media\"><img loading=\"lazy\" decoding=\"async\" width=\"1024\" height=\"609\" src=\"http:\/\/acuqvnz.cluster029.hosting.ovh.net\/wp-content\/uploads\/2022\/10\/alambic4-1024x609.jpg\" alt=\"\" class=\"wp-image-441 size-full\" srcset=\"https:\/\/www.distillerie-dandelion.com\/wp-content\/uploads\/2022\/10\/alambic4-1024x609.jpg 1024w, https:\/\/www.distillerie-dandelion.com\/wp-content\/uploads\/2022\/10\/alambic4-600x357.jpg 600w, https:\/\/www.distillerie-dandelion.com\/wp-content\/uploads\/2022\/10\/alambic4-300x178.jpg 300w, https:\/\/www.distillerie-dandelion.com\/wp-content\/uploads\/2022\/10\/alambic4-768x457.jpg 768w, https:\/\/www.distillerie-dandelion.com\/wp-content\/uploads\/2022\/10\/alambic4-1536x913.jpg 1536w, https:\/\/www.distillerie-dandelion.com\/wp-content\/uploads\/2022\/10\/alambic4-1200x713.jpg 1200w, https:\/\/www.distillerie-dandelion.com\/wp-content\/uploads\/2022\/10\/alambic4.jpg 1778w\" sizes=\"auto, (max-width: 1024px) 100vw, 1024px\" \/><\/figure><div class=\"wp-block-media-text__content\">\n<h2 class=\"wp-block-heading\">Les eaux-de-vie<\/h2>\n\n\n\n<p>Les eaux-de vie sont issues de la distillation de pommes, de prunes ou de poires issues de notre ferme et des fermes voisines. Apr\u00e8s plusieurs mois de mac\u00e9ration, les fruits sont distill\u00e9s \u00e0 la ferme dans notre alambic en cuivre.<\/p>\n\n\n\n<p><\/p>\n\n\n\n<div class=\"wp-block-buttons is-layout-flex wp-block-buttons-is-layout-flex\">\n<div class=\"wp-block-button\"><a class=\"wp-block-button__link has-background wp-element-button\" href=\"https:\/\/miellerie-distillerie-dandelion.sumupstore.com\/\" style=\"background-color:#1d213f\" target=\"_blank\" rel=\"noreferrer noopener\">La boutique >>>><\/a><\/div>\n<\/div>\n<\/div><\/div>\n\n\n\n<div class=\"wp-block-columns alignwide is-layout-flex wp-container-core-columns-is-layout-28f84493 wp-block-columns-is-layout-flex\">\n<div class=\"wp-block-column is-layout-flow wp-block-column-is-layout-flow\">\n<figure class=\"wp-block-image aligncenter size-full is-resized\"><img loading=\"lazy\" decoding=\"async\" width=\"272\" height=\"544\" src=\"http:\/\/acuqvnz.cluster029.hosting.ovh.net\/wp-content\/uploads\/2022\/10\/produits5.png\" alt=\"\" class=\"wp-image-77\" style=\"width:179px\" srcset=\"https:\/\/www.distillerie-dandelion.com\/wp-content\/uploads\/2022\/10\/produits5.png 272w, https:\/\/www.distillerie-dandelion.com\/wp-content\/uploads\/2022\/10\/produits5-150x300.png 150w\" sizes=\"auto, (max-width: 272px) 100vw, 272px\" \/><\/figure>\n\n\n\n<p class=\"has-text-align-center\">Eau-de-vie de pomme<\/p>\n<\/div>\n\n\n\n<div class=\"wp-block-column is-layout-flow wp-block-column-is-layout-flow\">\n<figure class=\"wp-block-image aligncenter size-full is-resized\"><img loading=\"lazy\" decoding=\"async\" width=\"272\" height=\"544\" src=\"http:\/\/acuqvnz.cluster029.hosting.ovh.net\/wp-content\/uploads\/2022\/10\/produits8.png\" alt=\"\" class=\"wp-image-78\" style=\"width:179px\" srcset=\"https:\/\/www.distillerie-dandelion.com\/wp-content\/uploads\/2022\/10\/produits8.png 272w, https:\/\/www.distillerie-dandelion.com\/wp-content\/uploads\/2022\/10\/produits8-150x300.png 150w\" sizes=\"auto, (max-width: 272px) 100vw, 272px\" \/><\/figure>\n\n\n\n<p class=\"has-text-align-center\">Eau-de-vie de prune<\/p>\n<\/div>\n\n\n\n<div class=\"wp-block-column is-layout-flow wp-block-column-is-layout-flow\">\n<figure class=\"wp-block-image aligncenter size-full is-resized\"><img loading=\"lazy\" decoding=\"async\" width=\"272\" height=\"544\" src=\"http:\/\/acuqvnz.cluster029.hosting.ovh.net\/wp-content\/uploads\/2022\/10\/produits7.png\" alt=\"\" class=\"wp-image-80\" style=\"width:179px\" srcset=\"https:\/\/www.distillerie-dandelion.com\/wp-content\/uploads\/2022\/10\/produits7.png 272w, https:\/\/www.distillerie-dandelion.com\/wp-content\/uploads\/2022\/10\/produits7-150x300.png 150w\" sizes=\"auto, (max-width: 272px) 100vw, 272px\" \/><\/figure>\n\n\n\n<p class=\"has-text-align-center\">Eau-de-vie de poire<\/p>\n<\/div>\n\n\n\n<div class=\"wp-block-column is-layout-flow wp-block-column-is-layout-flow\">\n<figure class=\"wp-block-image aligncenter size-full is-resized\"><img loading=\"lazy\" decoding=\"async\" width=\"272\" height=\"544\" src=\"http:\/\/acuqvnz.cluster029.hosting.ovh.net\/wp-content\/uploads\/2022\/10\/produits6.png\" alt=\"\" class=\"wp-image-79\" style=\"width:178px;height:356px\" srcset=\"https:\/\/www.distillerie-dandelion.com\/wp-content\/uploads\/2022\/10\/produits6.png 272w, https:\/\/www.distillerie-dandelion.com\/wp-content\/uploads\/2022\/10\/produits6-150x300.png 150w\" sizes=\"auto, (max-width: 272px) 100vw, 272px\" \/><\/figure>\n\n\n\n<p class=\"has-text-align-center\">Eau-de-vie de framboise<\/p>\n<\/div>\n<\/div>\n","protected":false},"excerpt":{"rendered":"<p>La distillerie Dandelion est l&rsquo;un des deux ateliers d\u2019une petite ferme situ\u00e9e \u00e0 Dournazac (87) au c\u0153ur du Parc Naturel R\u00e9gional du P\u00e9rigord Limousin.Nous avons \u00e0 c\u0153ur de r\u00e9aliser l\u2019ensemble des \u00e9tapes de la fabrication de nos eaux-de-vie et liqueurs. Nous cultivons 2,5 ha de vergers, distillons les fruits et assurons la confection et la [&hellip;]<\/p>\n","protected":false},"author":1,"featured_media":50,"parent":0,"menu_order":0,"comment_status":"closed","ping_status":"closed","template":"","meta":{"footnotes":""},"class_list":["post-53","page","type-page","status-publish","has-post-thumbnail","hentry"],"yoast_head":"<!-- This site is optimized with the Yoast SEO plugin v22.6 - https:\/\/yoast.com\/wordpress\/plugins\/seo\/ -->\n<title>Distillerie Dandelion - Distillerie Dandelion<\/title>\n<meta name=\"robots\" content=\"index, follow, max-snippet:-1, max-image-preview:large, max-video-preview:-1\" \/>\n<link rel=\"canonical\" href=\"https:\/\/www.distillerie-dandelion.com\/\" \/>\n<meta property=\"og:locale\" content=\"fr_FR\" \/>\n<meta property=\"og:type\" content=\"article\" \/>\n<meta property=\"og:title\" content=\"Distillerie Dandelion - Distillerie Dandelion\" \/>\n<meta property=\"og:description\" content=\"La distillerie Dandelion est l&rsquo;un des deux ateliers d\u2019une petite ferme situ\u00e9e \u00e0 Dournazac (87) au c\u0153ur du Parc Naturel R\u00e9gional du P\u00e9rigord Limousin.Nous avons \u00e0 c\u0153ur de r\u00e9aliser l\u2019ensemble des \u00e9tapes de la fabrication de nos eaux-de-vie et liqueurs. Nous cultivons 2,5 ha de vergers, distillons les fruits et assurons la confection et la [&hellip;]\" \/>\n<meta property=\"og:url\" content=\"https:\/\/www.distillerie-dandelion.com\/\" \/>\n<meta property=\"og:site_name\" content=\"Distillerie Dandelion\" \/>\n<meta property=\"article:modified_time\" content=\"2025-11-23T16:29:14+00:00\" \/>\n<meta property=\"og:image\" content=\"http:\/\/www.distillerie-dandelion.com\/wp-content\/uploads\/2022\/10\/DSC_0076-scaled.jpg\" \/>\n\t<meta property=\"og:image:width\" content=\"2560\" \/>\n\t<meta property=\"og:image:height\" content=\"1700\" \/>\n\t<meta property=\"og:image:type\" content=\"image\/jpeg\" \/>\n<meta name=\"twitter:card\" content=\"summary_large_image\" \/>\n<meta name=\"twitter:label1\" content=\"Dur\u00e9e de lecture estim\u00e9e\" \/>\n\t<meta name=\"twitter:data1\" content=\"5 minutes\" \/>\n<script type=\"application\/ld+json\" class=\"yoast-schema-graph\">{\"@context\":\"https:\/\/schema.org\",\"@graph\":[{\"@type\":\"WebPage\",\"@id\":\"https:\/\/www.distillerie-dandelion.com\/\",\"url\":\"https:\/\/www.distillerie-dandelion.com\/\",\"name\":\"Distillerie Dandelion - Distillerie Dandelion\",\"isPartOf\":{\"@id\":\"https:\/\/www.distillerie-dandelion.com\/#website\"},\"primaryImageOfPage\":{\"@id\":\"https:\/\/www.distillerie-dandelion.com\/#primaryimage\"},\"image\":{\"@id\":\"https:\/\/www.distillerie-dandelion.com\/#primaryimage\"},\"thumbnailUrl\":\"https:\/\/www.distillerie-dandelion.com\/wp-content\/uploads\/2022\/10\/DSC_0076-scaled.jpg\",\"datePublished\":\"2022-10-02T11:58:27+00:00\",\"dateModified\":\"2025-11-23T16:29:14+00:00\",\"breadcrumb\":{\"@id\":\"https:\/\/www.distillerie-dandelion.com\/#breadcrumb\"},\"inLanguage\":\"fr-FR\",\"potentialAction\":[{\"@type\":\"ReadAction\",\"target\":[\"https:\/\/www.distillerie-dandelion.com\/\"]}]},{\"@type\":\"ImageObject\",\"inLanguage\":\"fr-FR\",\"@id\":\"https:\/\/www.distillerie-dandelion.com\/#primaryimage\",\"url\":\"https:\/\/www.distillerie-dandelion.com\/wp-content\/uploads\/2022\/10\/DSC_0076-scaled.jpg\",\"contentUrl\":\"https:\/\/www.distillerie-dandelion.com\/wp-content\/uploads\/2022\/10\/DSC_0076-scaled.jpg\",\"width\":2560,\"height\":1700},{\"@type\":\"BreadcrumbList\",\"@id\":\"https:\/\/www.distillerie-dandelion.com\/#breadcrumb\",\"itemListElement\":[{\"@type\":\"ListItem\",\"position\":1,\"name\":\"Accueil\",\"item\":\"https:\/\/www.distillerie-dandelion.com\/\"},{\"@type\":\"ListItem\",\"position\":2,\"name\":\"Distillerie Dandelion\"}]},{\"@type\":\"WebSite\",\"@id\":\"https:\/\/www.distillerie-dandelion.com\/#website\",\"url\":\"https:\/\/www.distillerie-dandelion.com\/\",\"name\":\"Distillerie Dandelion\",\"description\":\"Distillerie paysanne en Limousin\",\"potentialAction\":[{\"@type\":\"SearchAction\",\"target\":{\"@type\":\"EntryPoint\",\"urlTemplate\":\"https:\/\/www.distillerie-dandelion.com\/?s={search_term_string}\"},\"query-input\":\"required name=search_term_string\"}],\"inLanguage\":\"fr-FR\"}]}<\/script>\n<!-- \/ Yoast SEO plugin. -->","yoast_head_json":{"title":"Distillerie Dandelion - Distillerie Dandelion","robots":{"index":"index","follow":"follow","max-snippet":"max-snippet:-1","max-image-preview":"max-image-preview:large","max-video-preview":"max-video-preview:-1"},"canonical":"https:\/\/www.distillerie-dandelion.com\/","og_locale":"fr_FR","og_type":"article","og_title":"Distillerie Dandelion - Distillerie Dandelion","og_description":"La distillerie Dandelion est l&rsquo;un des deux ateliers d\u2019une petite ferme situ\u00e9e \u00e0 Dournazac (87) au c\u0153ur du Parc Naturel R\u00e9gional du P\u00e9rigord Limousin.Nous avons \u00e0 c\u0153ur de r\u00e9aliser l\u2019ensemble des \u00e9tapes de la fabrication de nos eaux-de-vie et liqueurs. Nous cultivons 2,5 ha de vergers, distillons les fruits et assurons la confection et la [&hellip;]","og_url":"https:\/\/www.distillerie-dandelion.com\/","og_site_name":"Distillerie Dandelion","article_modified_time":"2025-11-23T16:29:14+00:00","og_image":[{"width":2560,"height":1700,"url":"http:\/\/www.distillerie-dandelion.com\/wp-content\/uploads\/2022\/10\/DSC_0076-scaled.jpg","type":"image\/jpeg"}],"twitter_card":"summary_large_image","twitter_misc":{"Dur\u00e9e de lecture estim\u00e9e":"5 minutes"},"schema":{"@context":"https:\/\/schema.org","@graph":[{"@type":"WebPage","@id":"https:\/\/www.distillerie-dandelion.com\/","url":"https:\/\/www.distillerie-dandelion.com\/","name":"Distillerie Dandelion - Distillerie Dandelion","isPartOf":{"@id":"https:\/\/www.distillerie-dandelion.com\/#website"},"primaryImageOfPage":{"@id":"https:\/\/www.distillerie-dandelion.com\/#primaryimage"},"image":{"@id":"https:\/\/www.distillerie-dandelion.com\/#primaryimage"},"thumbnailUrl":"https:\/\/www.distillerie-dandelion.com\/wp-content\/uploads\/2022\/10\/DSC_0076-scaled.jpg","datePublished":"2022-10-02T11:58:27+00:00","dateModified":"2025-11-23T16:29:14+00:00","breadcrumb":{"@id":"https:\/\/www.distillerie-dandelion.com\/#breadcrumb"},"inLanguage":"fr-FR","potentialAction":[{"@type":"ReadAction","target":["https:\/\/www.distillerie-dandelion.com\/"]}]},{"@type":"ImageObject","inLanguage":"fr-FR","@id":"https:\/\/www.distillerie-dandelion.com\/#primaryimage","url":"https:\/\/www.distillerie-dandelion.com\/wp-content\/uploads\/2022\/10\/DSC_0076-scaled.jpg","contentUrl":"https:\/\/www.distillerie-dandelion.com\/wp-content\/uploads\/2022\/10\/DSC_0076-scaled.jpg","width":2560,"height":1700},{"@type":"BreadcrumbList","@id":"https:\/\/www.distillerie-dandelion.com\/#breadcrumb","itemListElement":[{"@type":"ListItem","position":1,"name":"Accueil","item":"https:\/\/www.distillerie-dandelion.com\/"},{"@type":"ListItem","position":2,"name":"Distillerie Dandelion"}]},{"@type":"WebSite","@id":"https:\/\/www.distillerie-dandelion.com\/#website","url":"https:\/\/www.distillerie-dandelion.com\/","name":"Distillerie Dandelion","description":"Distillerie paysanne en Limousin","potentialAction":[{"@type":"SearchAction","target":{"@type":"EntryPoint","urlTemplate":"https:\/\/www.distillerie-dandelion.com\/?s={search_term_string}"},"query-input":"required name=search_term_string"}],"inLanguage":"fr-FR"}]}},"_links":{"self":[{"href":"https:\/\/www.distillerie-dandelion.com\/index.php\/wp-json\/wp\/v2\/pages\/53","targetHints":{"allow":["GET"]}}],"collection":[{"href":"https:\/\/www.distillerie-dandelion.com\/index.php\/wp-json\/wp\/v2\/pages"}],"about":[{"href":"https:\/\/www.distillerie-dandelion.com\/index.php\/wp-json\/wp\/v2\/types\/page"}],"author":[{"embeddable":true,"href":"https:\/\/www.distillerie-dandelion.com\/index.php\/wp-json\/wp\/v2\/users\/1"}],"replies":[{"embeddable":true,"href":"https:\/\/www.distillerie-dandelion.com\/index.php\/wp-json\/wp\/v2\/comments?post=53"}],"version-history":[{"count":36,"href":"https:\/\/www.distillerie-dandelion.com\/index.php\/wp-json\/wp\/v2\/pages\/53\/revisions"}],"predecessor-version":[{"id":610,"href":"https:\/\/www.distillerie-dandelion.com\/index.php\/wp-json\/wp\/v2\/pages\/53\/revisions\/610"}],"wp:featuredmedia":[{"embeddable":true,"href":"https:\/\/www.distillerie-dandelion.com\/index.php\/wp-json\/wp\/v2\/media\/50"}],"wp:attachment":[{"href":"https:\/\/www.distillerie-dandelion.com\/index.php\/wp-json\/wp\/v2\/media?parent=53"}],"curies":[{"name":"wp","href":"https:\/\/api.w.org\/{rel}","templated":true}]}}