{"id":450,"date":"2022-10-12T23:10:05","date_gmt":"2022-10-12T21:10:05","guid":{"rendered":"http:\/\/www.distillerie-dandelion.com\/?page_id=450"},"modified":"2024-04-09T18:31:43","modified_gmt":"2024-04-09T16:31:43","slug":"contact","status":"publish","type":"page","link":"https:\/\/www.distillerie-dandelion.com\/index.php\/contact\/","title":{"rendered":"Contact"},"content":{"rendered":"\n<p>Pour commander nos produits ou recevoir les tarifs pro et particuliers, envoyez-nous un email \u00e0 l&rsquo;adresse :<strong> distilleriedandelion@gmail.com<\/strong><\/p>\n\n\n\n<p>Vous pouvez \u00e9galement suivre nos actualit\u00e9s sur Facebook et Instagram en cherchant les pages de la Miellerie Distillerie Dandelion.<\/p>\n\n\n\n<p class=\"has-text-align-center\">Si vous pr\u00e9f\u00e9rez nous envoyer une carte postale avec vos remarques <br>ou vos photos d\u2019ap\u00e9ro, l\u2019adresse est :<em><br>Distillerie Dandelion \u2013 Martin M\u00e9tayer &amp; Chlo\u00e9 Pellerin \u2013 <\/em><br><em>La Bussi\u00e8re Montbrun <\/em><br><em>87230 Dournazac<\/em><\/p>\n\n\n\n<p class=\"has-text-align-center\">Vous pouvez aussi nous appeler (et nous laisser un message) au 06-99-26-30-72<br><\/p>\n","protected":false},"excerpt":{"rendered":"<p>Pour commander nos produits ou recevoir les tarifs pro et particuliers, envoyez-nous un email \u00e0 l&rsquo;adresse : distilleriedandelion@gmail.com Vous pouvez \u00e9galement suivre nos actualit\u00e9s sur Facebook et Instagram en cherchant les pages de la Miellerie Distillerie Dandelion. Si vous pr\u00e9f\u00e9rez nous envoyer une carte postale avec vos remarques ou vos photos d\u2019ap\u00e9ro, l\u2019adresse est :Distillerie [&hellip;]<\/p>\n","protected":false},"author":1,"featured_media":0,"parent":0,"menu_order":0,"comment_status":"closed","ping_status":"closed","template":"","meta":{"footnotes":""},"class_list":["post-450","page","type-page","status-publish","hentry"],"yoast_head":"<!-- This site is optimized with the Yoast SEO plugin v22.6 - https:\/\/yoast.com\/wordpress\/plugins\/seo\/ -->\n<title>Contact - Distillerie Dandelion<\/title>\n<meta name=\"robots\" content=\"index, follow, max-snippet:-1, max-image-preview:large, max-video-preview:-1\" \/>\n<link rel=\"canonical\" href=\"https:\/\/www.distillerie-dandelion.com\/index.php\/contact\/\" \/>\n<meta property=\"og:locale\" content=\"fr_FR\" \/>\n<meta property=\"og:type\" content=\"article\" \/>\n<meta property=\"og:title\" content=\"Contact - Distillerie Dandelion\" \/>\n<meta property=\"og:description\" content=\"Pour commander nos produits ou recevoir les tarifs pro et particuliers, envoyez-nous un email \u00e0 l&rsquo;adresse : distilleriedandelion@gmail.com Vous pouvez \u00e9galement suivre nos actualit\u00e9s sur Facebook et Instagram en cherchant les pages de la Miellerie Distillerie Dandelion. Si vous pr\u00e9f\u00e9rez nous envoyer une carte postale avec vos remarques ou vos photos d\u2019ap\u00e9ro, l\u2019adresse est :Distillerie [&hellip;]\" \/>\n<meta property=\"og:url\" content=\"https:\/\/www.distillerie-dandelion.com\/index.php\/contact\/\" \/>\n<meta property=\"og:site_name\" content=\"Distillerie Dandelion\" \/>\n<meta property=\"article:modified_time\" content=\"2024-04-09T16:31:43+00:00\" \/>\n<meta name=\"twitter:card\" content=\"summary_large_image\" \/>\n<meta name=\"twitter:label1\" content=\"Dur\u00e9e de lecture estim\u00e9e\" \/>\n\t<meta name=\"twitter:data1\" content=\"1 minute\" \/>\n<script type=\"application\/ld+json\" class=\"yoast-schema-graph\">{\"@context\":\"https:\/\/schema.org\",\"@graph\":[{\"@type\":\"WebPage\",\"@id\":\"https:\/\/www.distillerie-dandelion.com\/index.php\/contact\/\",\"url\":\"https:\/\/www.distillerie-dandelion.com\/index.php\/contact\/\",\"name\":\"Contact - Distillerie Dandelion\",\"isPartOf\":{\"@id\":\"https:\/\/www.distillerie-dandelion.com\/#website\"},\"datePublished\":\"2022-10-12T21:10:05+00:00\",\"dateModified\":\"2024-04-09T16:31:43+00:00\",\"breadcrumb\":{\"@id\":\"https:\/\/www.distillerie-dandelion.com\/index.php\/contact\/#breadcrumb\"},\"inLanguage\":\"fr-FR\",\"potentialAction\":[{\"@type\":\"ReadAction\",\"target\":[\"https:\/\/www.distillerie-dandelion.com\/index.php\/contact\/\"]}]},{\"@type\":\"BreadcrumbList\",\"@id\":\"https:\/\/www.distillerie-dandelion.com\/index.php\/contact\/#breadcrumb\",\"itemListElement\":[{\"@type\":\"ListItem\",\"position\":1,\"name\":\"Accueil\",\"item\":\"https:\/\/www.distillerie-dandelion.com\/\"},{\"@type\":\"ListItem\",\"position\":2,\"name\":\"Contact\"}]},{\"@type\":\"WebSite\",\"@id\":\"https:\/\/www.distillerie-dandelion.com\/#website\",\"url\":\"https:\/\/www.distillerie-dandelion.com\/\",\"name\":\"Distillerie Dandelion\",\"description\":\"Distillerie paysanne en Limousin\",\"potentialAction\":[{\"@type\":\"SearchAction\",\"target\":{\"@type\":\"EntryPoint\",\"urlTemplate\":\"https:\/\/www.distillerie-dandelion.com\/?s={search_term_string}\"},\"query-input\":\"required name=search_term_string\"}],\"inLanguage\":\"fr-FR\"}]}<\/script>\n<!-- \/ Yoast SEO plugin. -->","yoast_head_json":{"title":"Contact - Distillerie Dandelion","robots":{"index":"index","follow":"follow","max-snippet":"max-snippet:-1","max-image-preview":"max-image-preview:large","max-video-preview":"max-video-preview:-1"},"canonical":"https:\/\/www.distillerie-dandelion.com\/index.php\/contact\/","og_locale":"fr_FR","og_type":"article","og_title":"Contact - Distillerie Dandelion","og_description":"Pour commander nos produits ou recevoir les tarifs pro et particuliers, envoyez-nous un email \u00e0 l&rsquo;adresse : distilleriedandelion@gmail.com Vous pouvez \u00e9galement suivre nos actualit\u00e9s sur Facebook et Instagram en cherchant les pages de la Miellerie Distillerie Dandelion. Si vous pr\u00e9f\u00e9rez nous envoyer une carte postale avec vos remarques ou vos photos d\u2019ap\u00e9ro, l\u2019adresse est :Distillerie [&hellip;]","og_url":"https:\/\/www.distillerie-dandelion.com\/index.php\/contact\/","og_site_name":"Distillerie Dandelion","article_modified_time":"2024-04-09T16:31:43+00:00","twitter_card":"summary_large_image","twitter_misc":{"Dur\u00e9e de lecture estim\u00e9e":"1 minute"},"schema":{"@context":"https:\/\/schema.org","@graph":[{"@type":"WebPage","@id":"https:\/\/www.distillerie-dandelion.com\/index.php\/contact\/","url":"https:\/\/www.distillerie-dandelion.com\/index.php\/contact\/","name":"Contact - Distillerie Dandelion","isPartOf":{"@id":"https:\/\/www.distillerie-dandelion.com\/#website"},"datePublished":"2022-10-12T21:10:05+00:00","dateModified":"2024-04-09T16:31:43+00:00","breadcrumb":{"@id":"https:\/\/www.distillerie-dandelion.com\/index.php\/contact\/#breadcrumb"},"inLanguage":"fr-FR","potentialAction":[{"@type":"ReadAction","target":["https:\/\/www.distillerie-dandelion.com\/index.php\/contact\/"]}]},{"@type":"BreadcrumbList","@id":"https:\/\/www.distillerie-dandelion.com\/index.php\/contact\/#breadcrumb","itemListElement":[{"@type":"ListItem","position":1,"name":"Accueil","item":"https:\/\/www.distillerie-dandelion.com\/"},{"@type":"ListItem","position":2,"name":"Contact"}]},{"@type":"WebSite","@id":"https:\/\/www.distillerie-dandelion.com\/#website","url":"https:\/\/www.distillerie-dandelion.com\/","name":"Distillerie Dandelion","description":"Distillerie paysanne en Limousin","potentialAction":[{"@type":"SearchAction","target":{"@type":"EntryPoint","urlTemplate":"https:\/\/www.distillerie-dandelion.com\/?s={search_term_string}"},"query-input":"required name=search_term_string"}],"inLanguage":"fr-FR"}]}},"_links":{"self":[{"href":"https:\/\/www.distillerie-dandelion.com\/index.php\/wp-json\/wp\/v2\/pages\/450","targetHints":{"allow":["GET"]}}],"collection":[{"href":"https:\/\/www.distillerie-dandelion.com\/index.php\/wp-json\/wp\/v2\/pages"}],"about":[{"href":"https:\/\/www.distillerie-dandelion.com\/index.php\/wp-json\/wp\/v2\/types\/page"}],"author":[{"embeddable":true,"href":"https:\/\/www.distillerie-dandelion.com\/index.php\/wp-json\/wp\/v2\/users\/1"}],"replies":[{"embeddable":true,"href":"https:\/\/www.distillerie-dandelion.com\/index.php\/wp-json\/wp\/v2\/comments?post=450"}],"version-history":[{"count":12,"href":"https:\/\/www.distillerie-dandelion.com\/index.php\/wp-json\/wp\/v2\/pages\/450\/revisions"}],"predecessor-version":[{"id":585,"href":"https:\/\/www.distillerie-dandelion.com\/index.php\/wp-json\/wp\/v2\/pages\/450\/revisions\/585"}],"wp:attachment":[{"href":"https:\/\/www.distillerie-dandelion.com\/index.php\/wp-json\/wp\/v2\/media?parent=450"}],"curies":[{"name":"wp","href":"https:\/\/api.w.org\/{rel}","templated":true}]}}