{"id":23,"date":"2022-09-22T13:52:20","date_gmt":"2022-09-22T11:52:20","guid":{"rendered":"http:\/\/acuqvnz.cluster029.hosting.ovh.net\/?page_id=23"},"modified":"2025-11-23T17:46:56","modified_gmt":"2025-11-23T16:46:56","slug":"la-distillerie","status":"publish","type":"page","link":"https:\/\/www.distillerie-dandelion.com\/index.php\/la-distillerie\/","title":{"rendered":"La distillerie"},"content":{"rendered":"\n<p><\/p>\n\n\n\n<p>L&rsquo;atelier de distillerie a \u00e9t\u00e9 cr\u00e9e en mars 2022, en compl\u00e9ment de l&rsquo;activit\u00e9 apicole d\u00e9j\u00e0 pr\u00e9sente sur la ferme. C&rsquo;est suite \u00e0 plusieurs matin\u00e9es de distillation aux c\u00f4t\u00e9s d&rsquo;un distillateur \u00ab\u00a0\u00e0 fa\u00e7on\u00a0\u00bb que Martin a saisi l&rsquo;opportunit\u00e9 d&rsquo;acqu\u00e9rir un alambic en cuivre pour l&rsquo;installer \u00e0 la ferme.<\/p>\n\n\n\n<p>Cet alambic de plus de 80 ans, enti\u00e8rement en cuivre, a \u00e9t\u00e9 install\u00e9 dans un b\u00e2timent en bois auto-construit. La cuve, qui peut contenir 200 litres de mo\u00fbts, est chauff\u00e9e au feu de bois.<\/p>\n\n\n\n<p>Les eaux-de-vie de fruits obtenues nous permettent de confectionner des liqueurs et autres ap\u00e9ritifs que vous saurez appr\u00e9cier lors des d\u00e9gustations que nous proposons au cours de l\u2019ann\u00e9e.<\/p>\n\n\n\n<p>La pr\u00e9sence d\u2019un tel outil sur la ferme nous permet d\u2019essayer chaque ann\u00e9e la confection de nouveaux alcools, comme la betterave, la courge, la n\u00e8fle et prochainement la patate douce.<\/p>\n\n\n\n<p><\/p>\n","protected":false},"excerpt":{"rendered":"<p>L&rsquo;atelier de distillerie a \u00e9t\u00e9 cr\u00e9e en mars 2022, en compl\u00e9ment de l&rsquo;activit\u00e9 apicole d\u00e9j\u00e0 pr\u00e9sente sur la ferme. C&rsquo;est suite \u00e0 plusieurs matin\u00e9es de distillation aux c\u00f4t\u00e9s d&rsquo;un distillateur \u00ab\u00a0\u00e0 fa\u00e7on\u00a0\u00bb que Martin a saisi l&rsquo;opportunit\u00e9 d&rsquo;acqu\u00e9rir un alambic en cuivre pour l&rsquo;installer \u00e0 la ferme. Cet alambic de plus de 80 ans, enti\u00e8rement [&hellip;]<\/p>\n","protected":false},"author":1,"featured_media":441,"parent":0,"menu_order":0,"comment_status":"closed","ping_status":"closed","template":"","meta":{"footnotes":""},"class_list":["post-23","page","type-page","status-publish","has-post-thumbnail","hentry"],"yoast_head":"<!-- This site is optimized with the Yoast SEO plugin v22.6 - https:\/\/yoast.com\/wordpress\/plugins\/seo\/ -->\n<title>La distillerie - Distillerie Dandelion<\/title>\n<meta name=\"robots\" content=\"index, follow, max-snippet:-1, max-image-preview:large, max-video-preview:-1\" \/>\n<link rel=\"canonical\" href=\"https:\/\/www.distillerie-dandelion.com\/index.php\/la-distillerie\/\" \/>\n<meta property=\"og:locale\" content=\"fr_FR\" \/>\n<meta property=\"og:type\" content=\"article\" \/>\n<meta property=\"og:title\" content=\"La distillerie - Distillerie Dandelion\" \/>\n<meta property=\"og:description\" content=\"L&rsquo;atelier de distillerie a \u00e9t\u00e9 cr\u00e9e en mars 2022, en compl\u00e9ment de l&rsquo;activit\u00e9 apicole d\u00e9j\u00e0 pr\u00e9sente sur la ferme. C&rsquo;est suite \u00e0 plusieurs matin\u00e9es de distillation aux c\u00f4t\u00e9s d&rsquo;un distillateur \u00ab\u00a0\u00e0 fa\u00e7on\u00a0\u00bb que Martin a saisi l&rsquo;opportunit\u00e9 d&rsquo;acqu\u00e9rir un alambic en cuivre pour l&rsquo;installer \u00e0 la ferme. Cet alambic de plus de 80 ans, enti\u00e8rement [&hellip;]\" \/>\n<meta property=\"og:url\" content=\"https:\/\/www.distillerie-dandelion.com\/index.php\/la-distillerie\/\" \/>\n<meta property=\"og:site_name\" content=\"Distillerie Dandelion\" \/>\n<meta property=\"article:modified_time\" content=\"2025-11-23T16:46:56+00:00\" \/>\n<meta property=\"og:image\" content=\"http:\/\/www.distillerie-dandelion.com\/wp-content\/uploads\/2022\/10\/alambic4.jpg\" \/>\n\t<meta property=\"og:image:width\" content=\"1778\" \/>\n\t<meta property=\"og:image:height\" content=\"1057\" \/>\n\t<meta property=\"og:image:type\" content=\"image\/jpeg\" \/>\n<meta name=\"twitter:card\" content=\"summary_large_image\" \/>\n<meta name=\"twitter:label1\" content=\"Dur\u00e9e de lecture estim\u00e9e\" \/>\n\t<meta name=\"twitter:data1\" content=\"1 minute\" \/>\n<script type=\"application\/ld+json\" class=\"yoast-schema-graph\">{\"@context\":\"https:\/\/schema.org\",\"@graph\":[{\"@type\":\"WebPage\",\"@id\":\"https:\/\/www.distillerie-dandelion.com\/index.php\/la-distillerie\/\",\"url\":\"https:\/\/www.distillerie-dandelion.com\/index.php\/la-distillerie\/\",\"name\":\"La distillerie - Distillerie Dandelion\",\"isPartOf\":{\"@id\":\"https:\/\/www.distillerie-dandelion.com\/#website\"},\"primaryImageOfPage\":{\"@id\":\"https:\/\/www.distillerie-dandelion.com\/index.php\/la-distillerie\/#primaryimage\"},\"image\":{\"@id\":\"https:\/\/www.distillerie-dandelion.com\/index.php\/la-distillerie\/#primaryimage\"},\"thumbnailUrl\":\"https:\/\/www.distillerie-dandelion.com\/wp-content\/uploads\/2022\/10\/alambic4.jpg\",\"datePublished\":\"2022-09-22T11:52:20+00:00\",\"dateModified\":\"2025-11-23T16:46:56+00:00\",\"breadcrumb\":{\"@id\":\"https:\/\/www.distillerie-dandelion.com\/index.php\/la-distillerie\/#breadcrumb\"},\"inLanguage\":\"fr-FR\",\"potentialAction\":[{\"@type\":\"ReadAction\",\"target\":[\"https:\/\/www.distillerie-dandelion.com\/index.php\/la-distillerie\/\"]}]},{\"@type\":\"ImageObject\",\"inLanguage\":\"fr-FR\",\"@id\":\"https:\/\/www.distillerie-dandelion.com\/index.php\/la-distillerie\/#primaryimage\",\"url\":\"https:\/\/www.distillerie-dandelion.com\/wp-content\/uploads\/2022\/10\/alambic4.jpg\",\"contentUrl\":\"https:\/\/www.distillerie-dandelion.com\/wp-content\/uploads\/2022\/10\/alambic4.jpg\",\"width\":1778,\"height\":1057},{\"@type\":\"BreadcrumbList\",\"@id\":\"https:\/\/www.distillerie-dandelion.com\/index.php\/la-distillerie\/#breadcrumb\",\"itemListElement\":[{\"@type\":\"ListItem\",\"position\":1,\"name\":\"Accueil\",\"item\":\"https:\/\/www.distillerie-dandelion.com\/\"},{\"@type\":\"ListItem\",\"position\":2,\"name\":\"La distillerie\"}]},{\"@type\":\"WebSite\",\"@id\":\"https:\/\/www.distillerie-dandelion.com\/#website\",\"url\":\"https:\/\/www.distillerie-dandelion.com\/\",\"name\":\"Distillerie Dandelion\",\"description\":\"Distillerie paysanne en Limousin\",\"potentialAction\":[{\"@type\":\"SearchAction\",\"target\":{\"@type\":\"EntryPoint\",\"urlTemplate\":\"https:\/\/www.distillerie-dandelion.com\/?s={search_term_string}\"},\"query-input\":\"required name=search_term_string\"}],\"inLanguage\":\"fr-FR\"}]}<\/script>\n<!-- \/ Yoast SEO plugin. -->","yoast_head_json":{"title":"La distillerie - Distillerie Dandelion","robots":{"index":"index","follow":"follow","max-snippet":"max-snippet:-1","max-image-preview":"max-image-preview:large","max-video-preview":"max-video-preview:-1"},"canonical":"https:\/\/www.distillerie-dandelion.com\/index.php\/la-distillerie\/","og_locale":"fr_FR","og_type":"article","og_title":"La distillerie - Distillerie Dandelion","og_description":"L&rsquo;atelier de distillerie a \u00e9t\u00e9 cr\u00e9e en mars 2022, en compl\u00e9ment de l&rsquo;activit\u00e9 apicole d\u00e9j\u00e0 pr\u00e9sente sur la ferme. C&rsquo;est suite \u00e0 plusieurs matin\u00e9es de distillation aux c\u00f4t\u00e9s d&rsquo;un distillateur \u00ab\u00a0\u00e0 fa\u00e7on\u00a0\u00bb que Martin a saisi l&rsquo;opportunit\u00e9 d&rsquo;acqu\u00e9rir un alambic en cuivre pour l&rsquo;installer \u00e0 la ferme. Cet alambic de plus de 80 ans, enti\u00e8rement [&hellip;]","og_url":"https:\/\/www.distillerie-dandelion.com\/index.php\/la-distillerie\/","og_site_name":"Distillerie Dandelion","article_modified_time":"2025-11-23T16:46:56+00:00","og_image":[{"width":1778,"height":1057,"url":"http:\/\/www.distillerie-dandelion.com\/wp-content\/uploads\/2022\/10\/alambic4.jpg","type":"image\/jpeg"}],"twitter_card":"summary_large_image","twitter_misc":{"Dur\u00e9e de lecture estim\u00e9e":"1 minute"},"schema":{"@context":"https:\/\/schema.org","@graph":[{"@type":"WebPage","@id":"https:\/\/www.distillerie-dandelion.com\/index.php\/la-distillerie\/","url":"https:\/\/www.distillerie-dandelion.com\/index.php\/la-distillerie\/","name":"La distillerie - Distillerie Dandelion","isPartOf":{"@id":"https:\/\/www.distillerie-dandelion.com\/#website"},"primaryImageOfPage":{"@id":"https:\/\/www.distillerie-dandelion.com\/index.php\/la-distillerie\/#primaryimage"},"image":{"@id":"https:\/\/www.distillerie-dandelion.com\/index.php\/la-distillerie\/#primaryimage"},"thumbnailUrl":"https:\/\/www.distillerie-dandelion.com\/wp-content\/uploads\/2022\/10\/alambic4.jpg","datePublished":"2022-09-22T11:52:20+00:00","dateModified":"2025-11-23T16:46:56+00:00","breadcrumb":{"@id":"https:\/\/www.distillerie-dandelion.com\/index.php\/la-distillerie\/#breadcrumb"},"inLanguage":"fr-FR","potentialAction":[{"@type":"ReadAction","target":["https:\/\/www.distillerie-dandelion.com\/index.php\/la-distillerie\/"]}]},{"@type":"ImageObject","inLanguage":"fr-FR","@id":"https:\/\/www.distillerie-dandelion.com\/index.php\/la-distillerie\/#primaryimage","url":"https:\/\/www.distillerie-dandelion.com\/wp-content\/uploads\/2022\/10\/alambic4.jpg","contentUrl":"https:\/\/www.distillerie-dandelion.com\/wp-content\/uploads\/2022\/10\/alambic4.jpg","width":1778,"height":1057},{"@type":"BreadcrumbList","@id":"https:\/\/www.distillerie-dandelion.com\/index.php\/la-distillerie\/#breadcrumb","itemListElement":[{"@type":"ListItem","position":1,"name":"Accueil","item":"https:\/\/www.distillerie-dandelion.com\/"},{"@type":"ListItem","position":2,"name":"La distillerie"}]},{"@type":"WebSite","@id":"https:\/\/www.distillerie-dandelion.com\/#website","url":"https:\/\/www.distillerie-dandelion.com\/","name":"Distillerie Dandelion","description":"Distillerie paysanne en Limousin","potentialAction":[{"@type":"SearchAction","target":{"@type":"EntryPoint","urlTemplate":"https:\/\/www.distillerie-dandelion.com\/?s={search_term_string}"},"query-input":"required name=search_term_string"}],"inLanguage":"fr-FR"}]}},"_links":{"self":[{"href":"https:\/\/www.distillerie-dandelion.com\/index.php\/wp-json\/wp\/v2\/pages\/23","targetHints":{"allow":["GET"]}}],"collection":[{"href":"https:\/\/www.distillerie-dandelion.com\/index.php\/wp-json\/wp\/v2\/pages"}],"about":[{"href":"https:\/\/www.distillerie-dandelion.com\/index.php\/wp-json\/wp\/v2\/types\/page"}],"author":[{"embeddable":true,"href":"https:\/\/www.distillerie-dandelion.com\/index.php\/wp-json\/wp\/v2\/users\/1"}],"replies":[{"embeddable":true,"href":"https:\/\/www.distillerie-dandelion.com\/index.php\/wp-json\/wp\/v2\/comments?post=23"}],"version-history":[{"count":14,"href":"https:\/\/www.distillerie-dandelion.com\/index.php\/wp-json\/wp\/v2\/pages\/23\/revisions"}],"predecessor-version":[{"id":625,"href":"https:\/\/www.distillerie-dandelion.com\/index.php\/wp-json\/wp\/v2\/pages\/23\/revisions\/625"}],"wp:featuredmedia":[{"embeddable":true,"href":"https:\/\/www.distillerie-dandelion.com\/index.php\/wp-json\/wp\/v2\/media\/441"}],"wp:attachment":[{"href":"https:\/\/www.distillerie-dandelion.com\/index.php\/wp-json\/wp\/v2\/media?parent=23"}],"curies":[{"name":"wp","href":"https:\/\/api.w.org\/{rel}","templated":true}]}}