{"id":21,"date":"2022-09-22T13:51:56","date_gmt":"2022-09-22T11:51:56","guid":{"rendered":"http:\/\/acuqvnz.cluster029.hosting.ovh.net\/?page_id=21"},"modified":"2022-10-23T23:23:09","modified_gmt":"2022-10-23T21:23:09","slug":"qui-sommes-nous","status":"publish","type":"page","link":"https:\/\/www.distillerie-dandelion.com\/index.php\/qui-sommes-nous\/","title":{"rendered":"Qui sommes-nous ?"},"content":{"rendered":"\n<div class=\"wp-block-media-text alignwide is-stacked-on-mobile\"><figure class=\"wp-block-media-text__media\"><img loading=\"lazy\" decoding=\"async\" width=\"1024\" height=\"768\" src=\"http:\/\/acuqvnz.cluster029.hosting.ovh.net\/wp-content\/uploads\/2022\/10\/IMG_6063-1024x768.jpg\" alt=\"\" class=\"wp-image-389 size-full\" srcset=\"https:\/\/www.distillerie-dandelion.com\/wp-content\/uploads\/2022\/10\/IMG_6063-1024x768.jpg 1024w, https:\/\/www.distillerie-dandelion.com\/wp-content\/uploads\/2022\/10\/IMG_6063-rotated-600x450.jpg 600w, https:\/\/www.distillerie-dandelion.com\/wp-content\/uploads\/2022\/10\/IMG_6063-300x225.jpg 300w, https:\/\/www.distillerie-dandelion.com\/wp-content\/uploads\/2022\/10\/IMG_6063-768x576.jpg 768w, https:\/\/www.distillerie-dandelion.com\/wp-content\/uploads\/2022\/10\/IMG_6063-1200x900.jpg 1200w, https:\/\/www.distillerie-dandelion.com\/wp-content\/uploads\/2022\/10\/IMG_6063-rotated.jpg 1280w\" sizes=\"auto, (max-width: 1024px) 100vw, 1024px\" \/><\/figure><div class=\"wp-block-media-text__content\">\n<p>Martin et Chlo\u00e9, nous sommes install\u00e9s \u00e0 Dournazac depuis 2015&#8230; et le moins qu&rsquo;on puisse dire c&rsquo;est qu&rsquo;on ne s&rsquo;y ennuie pas !<\/p>\n\n\n\n<p>La distillerie est le dernier projet en date, mais n&rsquo;h\u00e9sitez pas \u00e0 aller faire un tour sur le site de la Miellerie Dandelion pour en savoir plus sur notre production de miel, de pollen, de propolis et de produits \u00e0 base de cire d&rsquo;abeille :<\/p>\n\n\n\n<div class=\"wp-block-buttons is-layout-flex wp-block-buttons-is-layout-flex\">\n<div class=\"wp-block-button\"><a class=\"wp-block-button__link has-background\" href=\"http:\/\/www.miellerie-dandelion.com\" style=\"background-color:#2d3871\" target=\"_blank\" rel=\"noreferrer noopener\"><strong>www.miellerie-dandelion.co<\/strong>m<\/a><\/div>\n<\/div>\n\n\n\n<p class=\"has-text-align-center\"><strong><a href=\"http:\/\/www.miellerie-dandelion.com\">www.miellerie-dandelion.com<\/a><\/strong><\/p>\n\n\n\n<p>De petits projets autour des brebis et de leur laine se construisent petit \u00e0 petit, il faudra encore un peu de patience pour voir le r\u00e9sultat.<\/p>\n\n\n\n<p>Et en attendant, on profite de la nature, de la campagne qui nous entoure, et de ses habitants !<\/p>\n\n\n\n<p><\/p>\n<\/div><\/div>\n","protected":false},"excerpt":{"rendered":"","protected":false},"author":1,"featured_media":0,"parent":0,"menu_order":0,"comment_status":"closed","ping_status":"closed","template":"","meta":{"footnotes":""},"class_list":["post-21","page","type-page","status-publish","hentry"],"yoast_head":"<!-- This site is optimized with the Yoast SEO plugin v22.6 - https:\/\/yoast.com\/wordpress\/plugins\/seo\/ -->\n<title>Qui sommes-nous ? - Distillerie Dandelion<\/title>\n<meta name=\"robots\" content=\"index, follow, max-snippet:-1, max-image-preview:large, max-video-preview:-1\" \/>\n<link rel=\"canonical\" href=\"https:\/\/www.distillerie-dandelion.com\/index.php\/qui-sommes-nous\/\" \/>\n<meta property=\"og:locale\" content=\"fr_FR\" \/>\n<meta property=\"og:type\" content=\"article\" \/>\n<meta property=\"og:title\" content=\"Qui sommes-nous ? - Distillerie Dandelion\" \/>\n<meta property=\"og:url\" content=\"https:\/\/www.distillerie-dandelion.com\/index.php\/qui-sommes-nous\/\" \/>\n<meta property=\"og:site_name\" content=\"Distillerie Dandelion\" \/>\n<meta property=\"article:modified_time\" content=\"2022-10-23T21:23:09+00:00\" \/>\n<meta property=\"og:image\" content=\"http:\/\/acuqvnz.cluster029.hosting.ovh.net\/wp-content\/uploads\/2022\/10\/IMG_6063-1024x768.jpg\" \/>\n<meta name=\"twitter:card\" content=\"summary_large_image\" \/>\n<meta name=\"twitter:label1\" content=\"Dur\u00e9e de lecture estim\u00e9e\" \/>\n\t<meta name=\"twitter:data1\" content=\"1 minute\" \/>\n<script type=\"application\/ld+json\" class=\"yoast-schema-graph\">{\"@context\":\"https:\/\/schema.org\",\"@graph\":[{\"@type\":\"WebPage\",\"@id\":\"https:\/\/www.distillerie-dandelion.com\/index.php\/qui-sommes-nous\/\",\"url\":\"https:\/\/www.distillerie-dandelion.com\/index.php\/qui-sommes-nous\/\",\"name\":\"Qui sommes-nous ? - Distillerie Dandelion\",\"isPartOf\":{\"@id\":\"https:\/\/www.distillerie-dandelion.com\/#website\"},\"primaryImageOfPage\":{\"@id\":\"https:\/\/www.distillerie-dandelion.com\/index.php\/qui-sommes-nous\/#primaryimage\"},\"image\":{\"@id\":\"https:\/\/www.distillerie-dandelion.com\/index.php\/qui-sommes-nous\/#primaryimage\"},\"thumbnailUrl\":\"http:\/\/acuqvnz.cluster029.hosting.ovh.net\/wp-content\/uploads\/2022\/10\/IMG_6063-1024x768.jpg\",\"datePublished\":\"2022-09-22T11:51:56+00:00\",\"dateModified\":\"2022-10-23T21:23:09+00:00\",\"breadcrumb\":{\"@id\":\"https:\/\/www.distillerie-dandelion.com\/index.php\/qui-sommes-nous\/#breadcrumb\"},\"inLanguage\":\"fr-FR\",\"potentialAction\":[{\"@type\":\"ReadAction\",\"target\":[\"https:\/\/www.distillerie-dandelion.com\/index.php\/qui-sommes-nous\/\"]}]},{\"@type\":\"ImageObject\",\"inLanguage\":\"fr-FR\",\"@id\":\"https:\/\/www.distillerie-dandelion.com\/index.php\/qui-sommes-nous\/#primaryimage\",\"url\":\"http:\/\/acuqvnz.cluster029.hosting.ovh.net\/wp-content\/uploads\/2022\/10\/IMG_6063-1024x768.jpg\",\"contentUrl\":\"http:\/\/acuqvnz.cluster029.hosting.ovh.net\/wp-content\/uploads\/2022\/10\/IMG_6063-1024x768.jpg\"},{\"@type\":\"BreadcrumbList\",\"@id\":\"https:\/\/www.distillerie-dandelion.com\/index.php\/qui-sommes-nous\/#breadcrumb\",\"itemListElement\":[{\"@type\":\"ListItem\",\"position\":1,\"name\":\"Accueil\",\"item\":\"https:\/\/www.distillerie-dandelion.com\/\"},{\"@type\":\"ListItem\",\"position\":2,\"name\":\"Qui sommes-nous ?\"}]},{\"@type\":\"WebSite\",\"@id\":\"https:\/\/www.distillerie-dandelion.com\/#website\",\"url\":\"https:\/\/www.distillerie-dandelion.com\/\",\"name\":\"Distillerie Dandelion\",\"description\":\"Distillerie paysanne en Limousin\",\"potentialAction\":[{\"@type\":\"SearchAction\",\"target\":{\"@type\":\"EntryPoint\",\"urlTemplate\":\"https:\/\/www.distillerie-dandelion.com\/?s={search_term_string}\"},\"query-input\":\"required name=search_term_string\"}],\"inLanguage\":\"fr-FR\"}]}<\/script>\n<!-- \/ Yoast SEO plugin. -->","yoast_head_json":{"title":"Qui sommes-nous ? - Distillerie Dandelion","robots":{"index":"index","follow":"follow","max-snippet":"max-snippet:-1","max-image-preview":"max-image-preview:large","max-video-preview":"max-video-preview:-1"},"canonical":"https:\/\/www.distillerie-dandelion.com\/index.php\/qui-sommes-nous\/","og_locale":"fr_FR","og_type":"article","og_title":"Qui sommes-nous ? - Distillerie Dandelion","og_url":"https:\/\/www.distillerie-dandelion.com\/index.php\/qui-sommes-nous\/","og_site_name":"Distillerie Dandelion","article_modified_time":"2022-10-23T21:23:09+00:00","og_image":[{"url":"http:\/\/acuqvnz.cluster029.hosting.ovh.net\/wp-content\/uploads\/2022\/10\/IMG_6063-1024x768.jpg"}],"twitter_card":"summary_large_image","twitter_misc":{"Dur\u00e9e de lecture estim\u00e9e":"1 minute"},"schema":{"@context":"https:\/\/schema.org","@graph":[{"@type":"WebPage","@id":"https:\/\/www.distillerie-dandelion.com\/index.php\/qui-sommes-nous\/","url":"https:\/\/www.distillerie-dandelion.com\/index.php\/qui-sommes-nous\/","name":"Qui sommes-nous ? - Distillerie Dandelion","isPartOf":{"@id":"https:\/\/www.distillerie-dandelion.com\/#website"},"primaryImageOfPage":{"@id":"https:\/\/www.distillerie-dandelion.com\/index.php\/qui-sommes-nous\/#primaryimage"},"image":{"@id":"https:\/\/www.distillerie-dandelion.com\/index.php\/qui-sommes-nous\/#primaryimage"},"thumbnailUrl":"http:\/\/acuqvnz.cluster029.hosting.ovh.net\/wp-content\/uploads\/2022\/10\/IMG_6063-1024x768.jpg","datePublished":"2022-09-22T11:51:56+00:00","dateModified":"2022-10-23T21:23:09+00:00","breadcrumb":{"@id":"https:\/\/www.distillerie-dandelion.com\/index.php\/qui-sommes-nous\/#breadcrumb"},"inLanguage":"fr-FR","potentialAction":[{"@type":"ReadAction","target":["https:\/\/www.distillerie-dandelion.com\/index.php\/qui-sommes-nous\/"]}]},{"@type":"ImageObject","inLanguage":"fr-FR","@id":"https:\/\/www.distillerie-dandelion.com\/index.php\/qui-sommes-nous\/#primaryimage","url":"http:\/\/acuqvnz.cluster029.hosting.ovh.net\/wp-content\/uploads\/2022\/10\/IMG_6063-1024x768.jpg","contentUrl":"http:\/\/acuqvnz.cluster029.hosting.ovh.net\/wp-content\/uploads\/2022\/10\/IMG_6063-1024x768.jpg"},{"@type":"BreadcrumbList","@id":"https:\/\/www.distillerie-dandelion.com\/index.php\/qui-sommes-nous\/#breadcrumb","itemListElement":[{"@type":"ListItem","position":1,"name":"Accueil","item":"https:\/\/www.distillerie-dandelion.com\/"},{"@type":"ListItem","position":2,"name":"Qui sommes-nous ?"}]},{"@type":"WebSite","@id":"https:\/\/www.distillerie-dandelion.com\/#website","url":"https:\/\/www.distillerie-dandelion.com\/","name":"Distillerie Dandelion","description":"Distillerie paysanne en Limousin","potentialAction":[{"@type":"SearchAction","target":{"@type":"EntryPoint","urlTemplate":"https:\/\/www.distillerie-dandelion.com\/?s={search_term_string}"},"query-input":"required name=search_term_string"}],"inLanguage":"fr-FR"}]}},"_links":{"self":[{"href":"https:\/\/www.distillerie-dandelion.com\/index.php\/wp-json\/wp\/v2\/pages\/21","targetHints":{"allow":["GET"]}}],"collection":[{"href":"https:\/\/www.distillerie-dandelion.com\/index.php\/wp-json\/wp\/v2\/pages"}],"about":[{"href":"https:\/\/www.distillerie-dandelion.com\/index.php\/wp-json\/wp\/v2\/types\/page"}],"author":[{"embeddable":true,"href":"https:\/\/www.distillerie-dandelion.com\/index.php\/wp-json\/wp\/v2\/users\/1"}],"replies":[{"embeddable":true,"href":"https:\/\/www.distillerie-dandelion.com\/index.php\/wp-json\/wp\/v2\/comments?post=21"}],"version-history":[{"count":4,"href":"https:\/\/www.distillerie-dandelion.com\/index.php\/wp-json\/wp\/v2\/pages\/21\/revisions"}],"predecessor-version":[{"id":519,"href":"https:\/\/www.distillerie-dandelion.com\/index.php\/wp-json\/wp\/v2\/pages\/21\/revisions\/519"}],"wp:attachment":[{"href":"https:\/\/www.distillerie-dandelion.com\/index.php\/wp-json\/wp\/v2\/media?parent=21"}],"curies":[{"name":"wp","href":"https:\/\/api.w.org\/{rel}","templated":true}]}}