{"id":185,"date":"2022-10-10T11:29:07","date_gmt":"2022-10-10T09:29:07","guid":{"rendered":"http:\/\/acuqvnz.cluster029.hosting.ovh.net\/?page_id=185"},"modified":"2023-02-13T19:04:47","modified_gmt":"2023-02-13T18:04:47","slug":"notre-demarche","status":"publish","type":"page","link":"https:\/\/www.distillerie-dandelion.com\/index.php\/notre-demarche\/","title":{"rendered":"Notre d\u00e9marche"},"content":{"rendered":"\n<div class=\"wp-block-media-text alignwide is-stacked-on-mobile\"><figure class=\"wp-block-media-text__media\"><img loading=\"lazy\" decoding=\"async\" width=\"936\" height=\"1024\" src=\"http:\/\/acuqvnz.cluster029.hosting.ovh.net\/wp-content\/uploads\/2022\/10\/DLKY5329-936x1024.jpg\" alt=\"\" class=\"wp-image-344 size-full\" srcset=\"https:\/\/www.distillerie-dandelion.com\/wp-content\/uploads\/2022\/10\/DLKY5329-936x1024.jpg 936w, https:\/\/www.distillerie-dandelion.com\/wp-content\/uploads\/2022\/10\/DLKY5329-600x656.jpg 600w, https:\/\/www.distillerie-dandelion.com\/wp-content\/uploads\/2022\/10\/DLKY5329-274x300.jpg 274w, https:\/\/www.distillerie-dandelion.com\/wp-content\/uploads\/2022\/10\/DLKY5329-768x840.jpg 768w, https:\/\/www.distillerie-dandelion.com\/wp-content\/uploads\/2022\/10\/DLKY5329-1404x1536.jpg 1404w, https:\/\/www.distillerie-dandelion.com\/wp-content\/uploads\/2022\/10\/DLKY5329-1200x1313.jpg 1200w, https:\/\/www.distillerie-dandelion.com\/wp-content\/uploads\/2022\/10\/DLKY5329.jpg 1440w\" sizes=\"auto, (max-width: 936px) 100vw, 936px\" \/><\/figure><div class=\"wp-block-media-text__content\">\n<h2 class=\"wp-block-heading\">Produire en agriculture biologique<\/h2>\n\n\n\n<p>L&rsquo;ensemble des productions de la ferme sont conduites selon les principes de l&rsquo;agro\u00e9cologie, et dans le respect du cahier des charges de l&rsquo;agriculture biologique. Nous n&rsquo;utilisons aucune mol\u00e9cule d&rsquo;origine chimique ni aucun engrais de synth\u00e8se. La pr\u00e9vention des maladies et des ravageurs est le premier axe de travail pour limiter les d\u00e9g\u00e2ts sur les r\u00e9coltes. En cas d&rsquo;attaque ou d&rsquo;infestation importante, les arbres sont soign\u00e9s avec des pr\u00e9parations d&rsquo;origine naturelle. Seul les engrais organiques (fumier de nos brebis ou fumier de vache bio et local) le broyat de bois issu de l&rsquo;entretien des haies ou les r\u00e9sidus de r\u00e9colte (paille,vieux foin) sont utilis\u00e9s pour amender la parcelle de verger.<\/p>\n<\/div><\/div>\n\n\n\n<div class=\"wp-block-media-text alignwide has-media-on-the-right is-stacked-on-mobile\"><div class=\"wp-block-media-text__content\">\n<h2 class=\"wp-block-heading\">Valoriser les ressources locales<\/h2>\n\n\n\n<p>Nous avons la chance de vivre dans un territoire o\u00f9 les ressources naturelles ont \u00e9t\u00e9 relativement bien pr\u00e9serv\u00e9es et o\u00f9 il existe une grande diversit\u00e9 d&rsquo;esp\u00e8ces et de vari\u00e9t\u00e9s fruiti\u00e8res domestiques. Pourquoi s&rsquo;en priver ?<\/p>\n\n\n\n<p>Les vergers ont \u00e9t\u00e9 plant\u00e9s et greff\u00e9s en utilisant prioritairement des vari\u00e9t\u00e9s locales, adapt\u00e9es au climat et au sol.<\/p>\n\n\n\n<p><\/p>\n<\/div><figure class=\"wp-block-media-text__media\"><img loading=\"lazy\" decoding=\"async\" width=\"768\" height=\"1024\" src=\"http:\/\/acuqvnz.cluster029.hosting.ovh.net\/wp-content\/uploads\/2022\/10\/IMG_3796-768x1024.jpg\" alt=\"\" class=\"wp-image-394 size-full\" srcset=\"https:\/\/www.distillerie-dandelion.com\/wp-content\/uploads\/2022\/10\/IMG_3796-768x1024.jpg 768w, https:\/\/www.distillerie-dandelion.com\/wp-content\/uploads\/2022\/10\/IMG_3796-scaled-600x800.jpg 600w, https:\/\/www.distillerie-dandelion.com\/wp-content\/uploads\/2022\/10\/IMG_3796-225x300.jpg 225w, https:\/\/www.distillerie-dandelion.com\/wp-content\/uploads\/2022\/10\/IMG_3796-1152x1536.jpg 1152w, https:\/\/www.distillerie-dandelion.com\/wp-content\/uploads\/2022\/10\/IMG_3796-1536x2048.jpg 1536w, https:\/\/www.distillerie-dandelion.com\/wp-content\/uploads\/2022\/10\/IMG_3796-1200x1600.jpg 1200w, https:\/\/www.distillerie-dandelion.com\/wp-content\/uploads\/2022\/10\/IMG_3796-1980x2640.jpg 1980w, https:\/\/www.distillerie-dandelion.com\/wp-content\/uploads\/2022\/10\/IMG_3796-scaled.jpg 1920w\" sizes=\"auto, (max-width: 768px) 100vw, 768px\" \/><\/figure><\/div>\n\n\n\n<div class=\"wp-block-media-text alignwide is-stacked-on-mobile\"><figure class=\"wp-block-media-text__media\"><img loading=\"lazy\" decoding=\"async\" width=\"819\" height=\"1024\" src=\"http:\/\/acuqvnz.cluster029.hosting.ovh.net\/wp-content\/uploads\/2022\/10\/DKLV9774-819x1024.jpg\" alt=\"\" class=\"wp-image-346 size-full\" srcset=\"https:\/\/www.distillerie-dandelion.com\/wp-content\/uploads\/2022\/10\/DKLV9774-819x1024.jpg 819w, https:\/\/www.distillerie-dandelion.com\/wp-content\/uploads\/2022\/10\/DKLV9774-600x750.jpg 600w, https:\/\/www.distillerie-dandelion.com\/wp-content\/uploads\/2022\/10\/DKLV9774-240x300.jpg 240w, https:\/\/www.distillerie-dandelion.com\/wp-content\/uploads\/2022\/10\/DKLV9774-768x960.jpg 768w, https:\/\/www.distillerie-dandelion.com\/wp-content\/uploads\/2022\/10\/DKLV9774-1229x1536.jpg 1229w, https:\/\/www.distillerie-dandelion.com\/wp-content\/uploads\/2022\/10\/DKLV9774-1200x1500.jpg 1200w, https:\/\/www.distillerie-dandelion.com\/wp-content\/uploads\/2022\/10\/DKLV9774.jpg 1440w\" sizes=\"auto, (max-width: 819px) 100vw, 819px\" \/><\/figure><div class=\"wp-block-media-text__content\">\n<h2 class=\"wp-block-heading\">Favoriser la diversit\u00e9<\/h2>\n\n\n\n<p>La diversit\u00e9 des esp\u00e8ces biologiques est essentielle au maintien des \u00e9quilibres dans les agro-\u00e9cosyst\u00e8mes. Au sein du verger, les arbres ont \u00e9t\u00e9 plant\u00e9s en alternant les esp\u00e8ces et les vari\u00e9t\u00e9s, pour limiter la propagation des maladies. <\/p>\n\n\n\n<p>Les haies existantes sur les parcelles ont \u00e9t\u00e9 conserv\u00e9es et de nouvelles haies ont \u00e9t\u00e9 plant\u00e9es. <\/p>\n<\/div><\/div>\n\n\n\n<div class=\"wp-block-media-text alignwide has-media-on-the-right is-stacked-on-mobile\"><div class=\"wp-block-media-text__content\">\n<h2 class=\"wp-block-heading\">Permettre l&rsquo;\u00e9change et la rencontre<\/h2>\n\n\n\n<p>La ferme organise r\u00e9guli\u00e8rement des animations de d\u00e9couverte en partenariat avec le PNR P\u00e9rigod-Limousin et l&rsquo;Office de Tourisme Pays de Nexon Monts de Chalus. D\u00e8s le printemps 2023, visites de ferme et s\u00e9ances de d\u00e9gustation permettront aux curieux de venir d\u00e9couvrir les \u00e9tapes de la production des fruits au verger et leur transformation en liqueur. <\/p>\n\n\n\n<p>La ferme accueille \u00e9galement des stagiaires en formation en agriculture.<\/p>\n<\/div><figure class=\"wp-block-media-text__media\"><img loading=\"lazy\" decoding=\"async\" width=\"768\" height=\"1024\" src=\"http:\/\/acuqvnz.cluster029.hosting.ovh.net\/wp-content\/uploads\/2022\/10\/HTIY6986.jpg\" alt=\"\" class=\"wp-image-423 size-full\" srcset=\"https:\/\/www.distillerie-dandelion.com\/wp-content\/uploads\/2022\/10\/HTIY6986.jpg 768w, https:\/\/www.distillerie-dandelion.com\/wp-content\/uploads\/2022\/10\/HTIY6986-600x800.jpg 600w, https:\/\/www.distillerie-dandelion.com\/wp-content\/uploads\/2022\/10\/HTIY6986-225x300.jpg 225w\" sizes=\"auto, (max-width: 768px) 100vw, 768px\" \/><\/figure><\/div>\n\n\n\n<figure class=\"wp-block-gallery has-nested-images columns-default is-cropped wp-block-gallery-1 is-layout-flex wp-block-gallery-is-layout-flex\">\n<figure class=\"wp-block-image size-large\"><img loading=\"lazy\" decoding=\"async\" width=\"1024\" height=\"1024\" data-id=\"419\" src=\"http:\/\/acuqvnz.cluster029.hosting.ovh.net\/wp-content\/uploads\/2022\/10\/IMG_4412-1024x1024.jpg\" alt=\"\" class=\"wp-image-419\" srcset=\"https:\/\/www.distillerie-dandelion.com\/wp-content\/uploads\/2022\/10\/IMG_4412-1024x1024.jpg 1024w, https:\/\/www.distillerie-dandelion.com\/wp-content\/uploads\/2022\/10\/IMG_4412-300x300.jpg 300w, https:\/\/www.distillerie-dandelion.com\/wp-content\/uploads\/2022\/10\/IMG_4412-100x100.jpg 100w, https:\/\/www.distillerie-dandelion.com\/wp-content\/uploads\/2022\/10\/IMG_4412-600x600.jpg 600w, https:\/\/www.distillerie-dandelion.com\/wp-content\/uploads\/2022\/10\/IMG_4412-150x150.jpg 150w, https:\/\/www.distillerie-dandelion.com\/wp-content\/uploads\/2022\/10\/IMG_4412-768x768.jpg 768w, https:\/\/www.distillerie-dandelion.com\/wp-content\/uploads\/2022\/10\/IMG_4412-1536x1536.jpg 1536w, https:\/\/www.distillerie-dandelion.com\/wp-content\/uploads\/2022\/10\/IMG_4412-2048x2048.jpg 2048w, https:\/\/www.distillerie-dandelion.com\/wp-content\/uploads\/2022\/10\/IMG_4412-1200x1200.jpg 1200w, https:\/\/www.distillerie-dandelion.com\/wp-content\/uploads\/2022\/10\/IMG_4412-1980x1980.jpg 1980w\" sizes=\"auto, (max-width: 1024px) 100vw, 1024px\" \/><\/figure>\n\n\n\n<figure class=\"wp-block-image size-large\"><img loading=\"lazy\" decoding=\"async\" width=\"768\" height=\"1024\" data-id=\"422\" src=\"http:\/\/acuqvnz.cluster029.hosting.ovh.net\/wp-content\/uploads\/2022\/10\/IMG_9101-768x1024.jpg\" alt=\"\" class=\"wp-image-422\" srcset=\"https:\/\/www.distillerie-dandelion.com\/wp-content\/uploads\/2022\/10\/IMG_9101-768x1024.jpg 768w, https:\/\/www.distillerie-dandelion.com\/wp-content\/uploads\/2022\/10\/IMG_9101-scaled-600x800.jpg 600w, https:\/\/www.distillerie-dandelion.com\/wp-content\/uploads\/2022\/10\/IMG_9101-225x300.jpg 225w, https:\/\/www.distillerie-dandelion.com\/wp-content\/uploads\/2022\/10\/IMG_9101-1152x1536.jpg 1152w, https:\/\/www.distillerie-dandelion.com\/wp-content\/uploads\/2022\/10\/IMG_9101-1536x2048.jpg 1536w, https:\/\/www.distillerie-dandelion.com\/wp-content\/uploads\/2022\/10\/IMG_9101-1200x1600.jpg 1200w, https:\/\/www.distillerie-dandelion.com\/wp-content\/uploads\/2022\/10\/IMG_9101-1980x2640.jpg 1980w, https:\/\/www.distillerie-dandelion.com\/wp-content\/uploads\/2022\/10\/IMG_9101-scaled.jpg 1920w\" sizes=\"auto, (max-width: 768px) 100vw, 768px\" \/><\/figure>\n\n\n\n<figure class=\"wp-block-image size-large\"><img loading=\"lazy\" decoding=\"async\" width=\"768\" height=\"1024\" data-id=\"420\" src=\"http:\/\/acuqvnz.cluster029.hosting.ovh.net\/wp-content\/uploads\/2022\/10\/IMG_9105-768x1024.jpg\" alt=\"\" class=\"wp-image-420\" srcset=\"https:\/\/www.distillerie-dandelion.com\/wp-content\/uploads\/2022\/10\/IMG_9105-768x1024.jpg 768w, https:\/\/www.distillerie-dandelion.com\/wp-content\/uploads\/2022\/10\/IMG_9105-scaled-600x800.jpg 600w, https:\/\/www.distillerie-dandelion.com\/wp-content\/uploads\/2022\/10\/IMG_9105-225x300.jpg 225w, https:\/\/www.distillerie-dandelion.com\/wp-content\/uploads\/2022\/10\/IMG_9105-1152x1536.jpg 1152w, https:\/\/www.distillerie-dandelion.com\/wp-content\/uploads\/2022\/10\/IMG_9105-1536x2048.jpg 1536w, https:\/\/www.distillerie-dandelion.com\/wp-content\/uploads\/2022\/10\/IMG_9105-1200x1600.jpg 1200w, https:\/\/www.distillerie-dandelion.com\/wp-content\/uploads\/2022\/10\/IMG_9105-1980x2640.jpg 1980w, https:\/\/www.distillerie-dandelion.com\/wp-content\/uploads\/2022\/10\/IMG_9105-scaled.jpg 1920w\" sizes=\"auto, (max-width: 768px) 100vw, 768px\" \/><\/figure>\n\n\n\n<figure class=\"wp-block-image size-large\"><img decoding=\"async\" data-id=\"418\" src=\"http:\/\/acuqvnz.cluster029.hosting.ovh.net\/wp-content\/uploads\/2022\/10\/IMG_9110-768x1024.jpg\" alt=\"\" class=\"wp-image-418\"\/><\/figure>\n\n\n\n<figure class=\"wp-block-image size-large\"><img loading=\"lazy\" decoding=\"async\" width=\"768\" height=\"1024\" data-id=\"421\" src=\"http:\/\/acuqvnz.cluster029.hosting.ovh.net\/wp-content\/uploads\/2022\/10\/IMG_9112-768x1024.jpg\" alt=\"\" class=\"wp-image-421\" srcset=\"https:\/\/www.distillerie-dandelion.com\/wp-content\/uploads\/2022\/10\/IMG_9112-768x1024.jpg 768w, https:\/\/www.distillerie-dandelion.com\/wp-content\/uploads\/2022\/10\/IMG_9112-scaled-600x800.jpg 600w, https:\/\/www.distillerie-dandelion.com\/wp-content\/uploads\/2022\/10\/IMG_9112-225x300.jpg 225w, https:\/\/www.distillerie-dandelion.com\/wp-content\/uploads\/2022\/10\/IMG_9112-1152x1536.jpg 1152w, https:\/\/www.distillerie-dandelion.com\/wp-content\/uploads\/2022\/10\/IMG_9112-1536x2048.jpg 1536w, https:\/\/www.distillerie-dandelion.com\/wp-content\/uploads\/2022\/10\/IMG_9112-1200x1600.jpg 1200w, https:\/\/www.distillerie-dandelion.com\/wp-content\/uploads\/2022\/10\/IMG_9112-1980x2640.jpg 1980w, https:\/\/www.distillerie-dandelion.com\/wp-content\/uploads\/2022\/10\/IMG_9112-scaled.jpg 1920w\" sizes=\"auto, (max-width: 768px) 100vw, 768px\" \/><\/figure>\n<\/figure>\n","protected":false},"excerpt":{"rendered":"<p>Produire en agriculture biologique L&rsquo;ensemble des productions de la ferme sont conduites selon les principes de l&rsquo;agro\u00e9cologie, et dans le respect du cahier des charges de l&rsquo;agriculture biologique. Nous n&rsquo;utilisons aucune mol\u00e9cule d&rsquo;origine chimique ni aucun engrais de synth\u00e8se. La pr\u00e9vention des maladies et des ravageurs est le premier axe de travail pour limiter les [&hellip;]<\/p>\n","protected":false},"author":1,"featured_media":0,"parent":0,"menu_order":0,"comment_status":"closed","ping_status":"closed","template":"","meta":{"footnotes":""},"class_list":["post-185","page","type-page","status-publish","hentry"],"yoast_head":"<!-- This site is optimized with the Yoast SEO plugin v22.6 - https:\/\/yoast.com\/wordpress\/plugins\/seo\/ -->\n<title>Notre d\u00e9marche - Distillerie Dandelion<\/title>\n<meta name=\"robots\" content=\"index, follow, max-snippet:-1, max-image-preview:large, max-video-preview:-1\" \/>\n<link rel=\"canonical\" href=\"https:\/\/www.distillerie-dandelion.com\/index.php\/notre-demarche\/\" \/>\n<meta property=\"og:locale\" content=\"fr_FR\" \/>\n<meta property=\"og:type\" content=\"article\" \/>\n<meta property=\"og:title\" content=\"Notre d\u00e9marche - Distillerie Dandelion\" \/>\n<meta property=\"og:description\" content=\"Produire en agriculture biologique L&rsquo;ensemble des productions de la ferme sont conduites selon les principes de l&rsquo;agro\u00e9cologie, et dans le respect du cahier des charges de l&rsquo;agriculture biologique. Nous n&rsquo;utilisons aucune mol\u00e9cule d&rsquo;origine chimique ni aucun engrais de synth\u00e8se. La pr\u00e9vention des maladies et des ravageurs est le premier axe de travail pour limiter les [&hellip;]\" \/>\n<meta property=\"og:url\" content=\"https:\/\/www.distillerie-dandelion.com\/index.php\/notre-demarche\/\" \/>\n<meta property=\"og:site_name\" content=\"Distillerie Dandelion\" \/>\n<meta property=\"article:modified_time\" content=\"2023-02-13T18:04:47+00:00\" \/>\n<meta property=\"og:image\" content=\"http:\/\/acuqvnz.cluster029.hosting.ovh.net\/wp-content\/uploads\/2022\/10\/DLKY5329-936x1024.jpg\" \/>\n<meta name=\"twitter:card\" content=\"summary_large_image\" \/>\n<meta name=\"twitter:label1\" content=\"Dur\u00e9e de lecture estim\u00e9e\" \/>\n\t<meta name=\"twitter:data1\" content=\"4 minutes\" \/>\n<script type=\"application\/ld+json\" class=\"yoast-schema-graph\">{\"@context\":\"https:\/\/schema.org\",\"@graph\":[{\"@type\":\"WebPage\",\"@id\":\"https:\/\/www.distillerie-dandelion.com\/index.php\/notre-demarche\/\",\"url\":\"https:\/\/www.distillerie-dandelion.com\/index.php\/notre-demarche\/\",\"name\":\"Notre d\u00e9marche - Distillerie Dandelion\",\"isPartOf\":{\"@id\":\"https:\/\/www.distillerie-dandelion.com\/#website\"},\"primaryImageOfPage\":{\"@id\":\"https:\/\/www.distillerie-dandelion.com\/index.php\/notre-demarche\/#primaryimage\"},\"image\":{\"@id\":\"https:\/\/www.distillerie-dandelion.com\/index.php\/notre-demarche\/#primaryimage\"},\"thumbnailUrl\":\"http:\/\/acuqvnz.cluster029.hosting.ovh.net\/wp-content\/uploads\/2022\/10\/DLKY5329-936x1024.jpg\",\"datePublished\":\"2022-10-10T09:29:07+00:00\",\"dateModified\":\"2023-02-13T18:04:47+00:00\",\"breadcrumb\":{\"@id\":\"https:\/\/www.distillerie-dandelion.com\/index.php\/notre-demarche\/#breadcrumb\"},\"inLanguage\":\"fr-FR\",\"potentialAction\":[{\"@type\":\"ReadAction\",\"target\":[\"https:\/\/www.distillerie-dandelion.com\/index.php\/notre-demarche\/\"]}]},{\"@type\":\"ImageObject\",\"inLanguage\":\"fr-FR\",\"@id\":\"https:\/\/www.distillerie-dandelion.com\/index.php\/notre-demarche\/#primaryimage\",\"url\":\"http:\/\/acuqvnz.cluster029.hosting.ovh.net\/wp-content\/uploads\/2022\/10\/DLKY5329-936x1024.jpg\",\"contentUrl\":\"http:\/\/acuqvnz.cluster029.hosting.ovh.net\/wp-content\/uploads\/2022\/10\/DLKY5329-936x1024.jpg\"},{\"@type\":\"BreadcrumbList\",\"@id\":\"https:\/\/www.distillerie-dandelion.com\/index.php\/notre-demarche\/#breadcrumb\",\"itemListElement\":[{\"@type\":\"ListItem\",\"position\":1,\"name\":\"Accueil\",\"item\":\"https:\/\/www.distillerie-dandelion.com\/\"},{\"@type\":\"ListItem\",\"position\":2,\"name\":\"Notre d\u00e9marche\"}]},{\"@type\":\"WebSite\",\"@id\":\"https:\/\/www.distillerie-dandelion.com\/#website\",\"url\":\"https:\/\/www.distillerie-dandelion.com\/\",\"name\":\"Distillerie Dandelion\",\"description\":\"Distillerie paysanne en Limousin\",\"potentialAction\":[{\"@type\":\"SearchAction\",\"target\":{\"@type\":\"EntryPoint\",\"urlTemplate\":\"https:\/\/www.distillerie-dandelion.com\/?s={search_term_string}\"},\"query-input\":\"required name=search_term_string\"}],\"inLanguage\":\"fr-FR\"}]}<\/script>\n<!-- \/ Yoast SEO plugin. -->","yoast_head_json":{"title":"Notre d\u00e9marche - Distillerie Dandelion","robots":{"index":"index","follow":"follow","max-snippet":"max-snippet:-1","max-image-preview":"max-image-preview:large","max-video-preview":"max-video-preview:-1"},"canonical":"https:\/\/www.distillerie-dandelion.com\/index.php\/notre-demarche\/","og_locale":"fr_FR","og_type":"article","og_title":"Notre d\u00e9marche - Distillerie Dandelion","og_description":"Produire en agriculture biologique L&rsquo;ensemble des productions de la ferme sont conduites selon les principes de l&rsquo;agro\u00e9cologie, et dans le respect du cahier des charges de l&rsquo;agriculture biologique. Nous n&rsquo;utilisons aucune mol\u00e9cule d&rsquo;origine chimique ni aucun engrais de synth\u00e8se. La pr\u00e9vention des maladies et des ravageurs est le premier axe de travail pour limiter les [&hellip;]","og_url":"https:\/\/www.distillerie-dandelion.com\/index.php\/notre-demarche\/","og_site_name":"Distillerie Dandelion","article_modified_time":"2023-02-13T18:04:47+00:00","og_image":[{"url":"http:\/\/acuqvnz.cluster029.hosting.ovh.net\/wp-content\/uploads\/2022\/10\/DLKY5329-936x1024.jpg"}],"twitter_card":"summary_large_image","twitter_misc":{"Dur\u00e9e de lecture estim\u00e9e":"4 minutes"},"schema":{"@context":"https:\/\/schema.org","@graph":[{"@type":"WebPage","@id":"https:\/\/www.distillerie-dandelion.com\/index.php\/notre-demarche\/","url":"https:\/\/www.distillerie-dandelion.com\/index.php\/notre-demarche\/","name":"Notre d\u00e9marche - Distillerie Dandelion","isPartOf":{"@id":"https:\/\/www.distillerie-dandelion.com\/#website"},"primaryImageOfPage":{"@id":"https:\/\/www.distillerie-dandelion.com\/index.php\/notre-demarche\/#primaryimage"},"image":{"@id":"https:\/\/www.distillerie-dandelion.com\/index.php\/notre-demarche\/#primaryimage"},"thumbnailUrl":"http:\/\/acuqvnz.cluster029.hosting.ovh.net\/wp-content\/uploads\/2022\/10\/DLKY5329-936x1024.jpg","datePublished":"2022-10-10T09:29:07+00:00","dateModified":"2023-02-13T18:04:47+00:00","breadcrumb":{"@id":"https:\/\/www.distillerie-dandelion.com\/index.php\/notre-demarche\/#breadcrumb"},"inLanguage":"fr-FR","potentialAction":[{"@type":"ReadAction","target":["https:\/\/www.distillerie-dandelion.com\/index.php\/notre-demarche\/"]}]},{"@type":"ImageObject","inLanguage":"fr-FR","@id":"https:\/\/www.distillerie-dandelion.com\/index.php\/notre-demarche\/#primaryimage","url":"http:\/\/acuqvnz.cluster029.hosting.ovh.net\/wp-content\/uploads\/2022\/10\/DLKY5329-936x1024.jpg","contentUrl":"http:\/\/acuqvnz.cluster029.hosting.ovh.net\/wp-content\/uploads\/2022\/10\/DLKY5329-936x1024.jpg"},{"@type":"BreadcrumbList","@id":"https:\/\/www.distillerie-dandelion.com\/index.php\/notre-demarche\/#breadcrumb","itemListElement":[{"@type":"ListItem","position":1,"name":"Accueil","item":"https:\/\/www.distillerie-dandelion.com\/"},{"@type":"ListItem","position":2,"name":"Notre d\u00e9marche"}]},{"@type":"WebSite","@id":"https:\/\/www.distillerie-dandelion.com\/#website","url":"https:\/\/www.distillerie-dandelion.com\/","name":"Distillerie Dandelion","description":"Distillerie paysanne en Limousin","potentialAction":[{"@type":"SearchAction","target":{"@type":"EntryPoint","urlTemplate":"https:\/\/www.distillerie-dandelion.com\/?s={search_term_string}"},"query-input":"required name=search_term_string"}],"inLanguage":"fr-FR"}]}},"_links":{"self":[{"href":"https:\/\/www.distillerie-dandelion.com\/index.php\/wp-json\/wp\/v2\/pages\/185","targetHints":{"allow":["GET"]}}],"collection":[{"href":"https:\/\/www.distillerie-dandelion.com\/index.php\/wp-json\/wp\/v2\/pages"}],"about":[{"href":"https:\/\/www.distillerie-dandelion.com\/index.php\/wp-json\/wp\/v2\/types\/page"}],"author":[{"embeddable":true,"href":"https:\/\/www.distillerie-dandelion.com\/index.php\/wp-json\/wp\/v2\/users\/1"}],"replies":[{"embeddable":true,"href":"https:\/\/www.distillerie-dandelion.com\/index.php\/wp-json\/wp\/v2\/comments?post=185"}],"version-history":[{"count":8,"href":"https:\/\/www.distillerie-dandelion.com\/index.php\/wp-json\/wp\/v2\/pages\/185\/revisions"}],"predecessor-version":[{"id":522,"href":"https:\/\/www.distillerie-dandelion.com\/index.php\/wp-json\/wp\/v2\/pages\/185\/revisions\/522"}],"wp:attachment":[{"href":"https:\/\/www.distillerie-dandelion.com\/index.php\/wp-json\/wp\/v2\/media?parent=185"}],"curies":[{"name":"wp","href":"https:\/\/api.w.org\/{rel}","templated":true}]}}