{"id":133,"date":"2022-10-02T16:00:23","date_gmt":"2022-10-02T14:00:23","guid":{"rendered":"http:\/\/acuqvnz.cluster029.hosting.ovh.net\/?page_id=133"},"modified":"2024-04-09T09:19:46","modified_gmt":"2024-04-09T07:19:46","slug":"le-verger","status":"publish","type":"page","link":"https:\/\/www.distillerie-dandelion.com\/index.php\/le-verger\/","title":{"rendered":"Le verger"},"content":{"rendered":"\n<div class=\"wp-block-media-text alignwide is-stacked-on-mobile\" style=\"grid-template-columns:34% auto\"><figure class=\"wp-block-media-text__media\"><img loading=\"lazy\" decoding=\"async\" width=\"768\" height=\"1024\" src=\"http:\/\/acuqvnz.cluster029.hosting.ovh.net\/wp-content\/uploads\/2022\/10\/IMG_8655-768x1024.jpg\" alt=\"\" class=\"wp-image-341 size-full\" srcset=\"https:\/\/www.distillerie-dandelion.com\/wp-content\/uploads\/2022\/10\/IMG_8655-768x1024.jpg 768w, https:\/\/www.distillerie-dandelion.com\/wp-content\/uploads\/2022\/10\/IMG_8655-scaled-600x800.jpg 600w, https:\/\/www.distillerie-dandelion.com\/wp-content\/uploads\/2022\/10\/IMG_8655-225x300.jpg 225w, https:\/\/www.distillerie-dandelion.com\/wp-content\/uploads\/2022\/10\/IMG_8655-1152x1536.jpg 1152w, https:\/\/www.distillerie-dandelion.com\/wp-content\/uploads\/2022\/10\/IMG_8655-1536x2048.jpg 1536w, https:\/\/www.distillerie-dandelion.com\/wp-content\/uploads\/2022\/10\/IMG_8655-1200x1600.jpg 1200w, https:\/\/www.distillerie-dandelion.com\/wp-content\/uploads\/2022\/10\/IMG_8655-1980x2640.jpg 1980w, https:\/\/www.distillerie-dandelion.com\/wp-content\/uploads\/2022\/10\/IMG_8655-scaled.jpg 1920w\" sizes=\"auto, (max-width: 768px) 100vw, 768px\" \/><\/figure><div class=\"wp-block-media-text__content\">\n<p class=\"has-normal-font-size\">La plantation du verger a d\u00e9but\u00e9 en 2017, sur 0.5 ha \u00e0 proximit\u00e9 de la maison d&rsquo;habitation. 90 arbres de vari\u00e9t\u00e9s locales de pommiers, poiriers et pruniers ont \u00e9t\u00e9 plant\u00e9s dans la prairie permanente en place depuis des ann\u00e9es. <\/p>\n\n\n\n<p class=\"has-normal-font-size\">Petit \u00e0 petit, au fur et \u00e0 mesure des boutures r\u00e9ussies et du temps disponible, nous avons install\u00e9 diff\u00e9rents arbustes et plantes entre les rangs d&rsquo;arbres. Cassis, groseilles, framboises, rhubarbes, fraises, menthes et romarins sont cultiv\u00e9s pour aromatiser les liqueurs.<\/p>\n\n\n\n<p>Toutes ces cultures sont conduites selon les principes de l&rsquo;agro-\u00e9cologie et dans le respect du cahier des charges de l&rsquo;agriculture biologique.<\/p>\n<\/div><\/div>\n\n\n\n<div class=\"wp-block-media-text alignwide has-media-on-the-right is-stacked-on-mobile\" style=\"grid-template-columns:auto 33%\"><div class=\"wp-block-media-text__content\">\n<p class=\"has-normal-font-size\">2 hectares suppl\u00e9mentaires ont \u00e9t\u00e9 plant\u00e9s entre 2020 et 2024 \u00e0 proximit\u00e9 du village de Dournazac. Sur cette parcelle nous avons fait le choix de planter environ 200 p\u00eachers (issus de noyaux de vari\u00e9t\u00e9s pr\u00e9sentes dans le hameau de La Bussi\u00e8re Montbrun!), 100 figuiers, 200 pommiers, 200 pruniers, 200 poiriers et 100 cognassiers.<\/p>\n\n\n\n<p>Ces arbres devraient entrer en production \u00e0 partir de 2025-2026. Leurs fruits viendront compl\u00e9ter la gamme, permettant la production d&rsquo;eaux-de-vie et de nouvelles liqueurs. Une partie des fruits sera \u00e9galement commercialis\u00e9e en frais, en local et en vente directe.<\/p>\n\n\n\n<p>Il nous reste encore un peu de place sur la parcelle pour innover et planter d&rsquo;autres esp\u00e8ces de fruits (peut-\u00eatre des kiwis?) Les haies ne sont pas en reste, plus de 400m lin\u00e9aires ont \u00e9t\u00e9 plant\u00e9s ces derni\u00e8res ann\u00e9es. Elles fournissent d\u00e9j\u00e0 un abri et des ressources \u00e0 la micro-faune sauvage et fourniront \u00e0 l&rsquo;avenir suffisamment de merises et de noix pour de nouveaux ap\u00e9ritifs!<\/p>\n<\/div><figure class=\"wp-block-media-text__media\"><img loading=\"lazy\" decoding=\"async\" width=\"768\" height=\"1024\" src=\"http:\/\/acuqvnz.cluster029.hosting.ovh.net\/wp-content\/uploads\/2022\/10\/IMG_8467-768x1024.jpg\" alt=\"\" class=\"wp-image-330 size-full\" srcset=\"https:\/\/www.distillerie-dandelion.com\/wp-content\/uploads\/2022\/10\/IMG_8467-768x1024.jpg 768w, https:\/\/www.distillerie-dandelion.com\/wp-content\/uploads\/2022\/10\/IMG_8467-scaled-600x800.jpg 600w, https:\/\/www.distillerie-dandelion.com\/wp-content\/uploads\/2022\/10\/IMG_8467-225x300.jpg 225w, https:\/\/www.distillerie-dandelion.com\/wp-content\/uploads\/2022\/10\/IMG_8467-1152x1536.jpg 1152w, https:\/\/www.distillerie-dandelion.com\/wp-content\/uploads\/2022\/10\/IMG_8467-1536x2048.jpg 1536w, https:\/\/www.distillerie-dandelion.com\/wp-content\/uploads\/2022\/10\/IMG_8467-1200x1600.jpg 1200w, https:\/\/www.distillerie-dandelion.com\/wp-content\/uploads\/2022\/10\/IMG_8467-1980x2640.jpg 1980w, https:\/\/www.distillerie-dandelion.com\/wp-content\/uploads\/2022\/10\/IMG_8467-scaled.jpg 1920w\" sizes=\"auto, (max-width: 768px) 100vw, 768px\" \/><\/figure><\/div>\n\n\n\n<figure class=\"wp-block-gallery has-nested-images columns-default is-cropped wp-block-gallery-1 is-layout-flex wp-block-gallery-is-layout-flex\">\n<figure class=\"wp-block-image size-large\"><img loading=\"lazy\" decoding=\"async\" width=\"1920\" height=\"2560\" data-id=\"393\" src=\"http:\/\/acuqvnz.cluster029.hosting.ovh.net\/wp-content\/uploads\/2022\/10\/IMG_3571-scaled.jpg\" alt=\"\" class=\"wp-image-393\" srcset=\"https:\/\/www.distillerie-dandelion.com\/wp-content\/uploads\/2022\/10\/IMG_3571-scaled.jpg 1920w, https:\/\/www.distillerie-dandelion.com\/wp-content\/uploads\/2022\/10\/IMG_3571-scaled-600x800.jpg 600w, https:\/\/www.distillerie-dandelion.com\/wp-content\/uploads\/2022\/10\/IMG_3571-225x300.jpg 225w, https:\/\/www.distillerie-dandelion.com\/wp-content\/uploads\/2022\/10\/IMG_3571-768x1024.jpg 768w, https:\/\/www.distillerie-dandelion.com\/wp-content\/uploads\/2022\/10\/IMG_3571-1152x1536.jpg 1152w, https:\/\/www.distillerie-dandelion.com\/wp-content\/uploads\/2022\/10\/IMG_3571-1536x2048.jpg 1536w, https:\/\/www.distillerie-dandelion.com\/wp-content\/uploads\/2022\/10\/IMG_3571-1200x1600.jpg 1200w, https:\/\/www.distillerie-dandelion.com\/wp-content\/uploads\/2022\/10\/IMG_3571-1980x2640.jpg 1980w\" sizes=\"auto, (max-width: 1920px) 100vw, 1920px\" \/><\/figure>\n\n\n\n<figure class=\"wp-block-image size-large\"><img loading=\"lazy\" decoding=\"async\" width=\"1280\" height=\"960\" data-id=\"395\" src=\"http:\/\/acuqvnz.cluster029.hosting.ovh.net\/wp-content\/uploads\/2022\/10\/IMG_5678.jpg\" alt=\"\" class=\"wp-image-395\" srcset=\"https:\/\/www.distillerie-dandelion.com\/wp-content\/uploads\/2022\/10\/IMG_5678.jpg 1280w, https:\/\/www.distillerie-dandelion.com\/wp-content\/uploads\/2022\/10\/IMG_5678-600x450.jpg 600w, https:\/\/www.distillerie-dandelion.com\/wp-content\/uploads\/2022\/10\/IMG_5678-300x225.jpg 300w, https:\/\/www.distillerie-dandelion.com\/wp-content\/uploads\/2022\/10\/IMG_5678-1024x768.jpg 1024w, https:\/\/www.distillerie-dandelion.com\/wp-content\/uploads\/2022\/10\/IMG_5678-768x576.jpg 768w, https:\/\/www.distillerie-dandelion.com\/wp-content\/uploads\/2022\/10\/IMG_5678-1200x900.jpg 1200w\" sizes=\"auto, (max-width: 1280px) 100vw, 1280px\" \/><\/figure>\n\n\n\n<figure class=\"wp-block-image size-large\"><img loading=\"lazy\" decoding=\"async\" width=\"680\" height=\"1024\" data-id=\"329\" src=\"http:\/\/acuqvnz.cluster029.hosting.ovh.net\/wp-content\/uploads\/2022\/10\/DSC_0293-680x1024.jpg\" alt=\"\" class=\"wp-image-329\" srcset=\"https:\/\/www.distillerie-dandelion.com\/wp-content\/uploads\/2022\/10\/DSC_0293-680x1024.jpg 680w, https:\/\/www.distillerie-dandelion.com\/wp-content\/uploads\/2022\/10\/DSC_0293-scaled-600x904.jpg 600w, https:\/\/www.distillerie-dandelion.com\/wp-content\/uploads\/2022\/10\/DSC_0293-199x300.jpg 199w, https:\/\/www.distillerie-dandelion.com\/wp-content\/uploads\/2022\/10\/DSC_0293-768x1156.jpg 768w, https:\/\/www.distillerie-dandelion.com\/wp-content\/uploads\/2022\/10\/DSC_0293-1020x1536.jpg 1020w, https:\/\/www.distillerie-dandelion.com\/wp-content\/uploads\/2022\/10\/DSC_0293-1360x2048.jpg 1360w, https:\/\/www.distillerie-dandelion.com\/wp-content\/uploads\/2022\/10\/DSC_0293-1200x1807.jpg 1200w, https:\/\/www.distillerie-dandelion.com\/wp-content\/uploads\/2022\/10\/DSC_0293-1980x2981.jpg 1980w, https:\/\/www.distillerie-dandelion.com\/wp-content\/uploads\/2022\/10\/DSC_0293-scaled.jpg 1700w\" sizes=\"auto, (max-width: 680px) 100vw, 680px\" \/><\/figure>\n\n\n\n<figure class=\"wp-block-image size-large\"><img loading=\"lazy\" decoding=\"async\" width=\"2560\" height=\"1920\" data-id=\"392\" src=\"http:\/\/acuqvnz.cluster029.hosting.ovh.net\/wp-content\/uploads\/2022\/10\/IMG_5907-scaled.jpg\" alt=\"\" class=\"wp-image-392\" srcset=\"https:\/\/www.distillerie-dandelion.com\/wp-content\/uploads\/2022\/10\/IMG_5907-scaled.jpg 2560w, https:\/\/www.distillerie-dandelion.com\/wp-content\/uploads\/2022\/10\/IMG_5907-scaled-600x450.jpg 600w, https:\/\/www.distillerie-dandelion.com\/wp-content\/uploads\/2022\/10\/IMG_5907-300x225.jpg 300w, https:\/\/www.distillerie-dandelion.com\/wp-content\/uploads\/2022\/10\/IMG_5907-1024x768.jpg 1024w, https:\/\/www.distillerie-dandelion.com\/wp-content\/uploads\/2022\/10\/IMG_5907-768x576.jpg 768w, https:\/\/www.distillerie-dandelion.com\/wp-content\/uploads\/2022\/10\/IMG_5907-1536x1152.jpg 1536w, https:\/\/www.distillerie-dandelion.com\/wp-content\/uploads\/2022\/10\/IMG_5907-2048x1536.jpg 2048w, https:\/\/www.distillerie-dandelion.com\/wp-content\/uploads\/2022\/10\/IMG_5907-1200x900.jpg 1200w, https:\/\/www.distillerie-dandelion.com\/wp-content\/uploads\/2022\/10\/IMG_5907-1980x1485.jpg 1980w\" sizes=\"auto, (max-width: 2560px) 100vw, 2560px\" \/><\/figure>\n\n\n\n<figure class=\"wp-block-image size-large\"><img loading=\"lazy\" decoding=\"async\" width=\"2560\" height=\"1920\" data-id=\"391\" src=\"http:\/\/acuqvnz.cluster029.hosting.ovh.net\/wp-content\/uploads\/2022\/10\/IMG_5900-scaled.jpg\" alt=\"\" class=\"wp-image-391\" srcset=\"https:\/\/www.distillerie-dandelion.com\/wp-content\/uploads\/2022\/10\/IMG_5900-scaled.jpg 2560w, https:\/\/www.distillerie-dandelion.com\/wp-content\/uploads\/2022\/10\/IMG_5900-scaled-600x450.jpg 600w, https:\/\/www.distillerie-dandelion.com\/wp-content\/uploads\/2022\/10\/IMG_5900-300x225.jpg 300w, https:\/\/www.distillerie-dandelion.com\/wp-content\/uploads\/2022\/10\/IMG_5900-1024x768.jpg 1024w, https:\/\/www.distillerie-dandelion.com\/wp-content\/uploads\/2022\/10\/IMG_5900-768x576.jpg 768w, https:\/\/www.distillerie-dandelion.com\/wp-content\/uploads\/2022\/10\/IMG_5900-1536x1152.jpg 1536w, https:\/\/www.distillerie-dandelion.com\/wp-content\/uploads\/2022\/10\/IMG_5900-2048x1536.jpg 2048w, https:\/\/www.distillerie-dandelion.com\/wp-content\/uploads\/2022\/10\/IMG_5900-1200x900.jpg 1200w, https:\/\/www.distillerie-dandelion.com\/wp-content\/uploads\/2022\/10\/IMG_5900-1980x1485.jpg 1980w\" sizes=\"auto, (max-width: 2560px) 100vw, 2560px\" \/><\/figure>\n\n\n\n<figure class=\"wp-block-image size-large\"><img loading=\"lazy\" decoding=\"async\" width=\"768\" height=\"1024\" data-id=\"403\" src=\"http:\/\/acuqvnz.cluster029.hosting.ovh.net\/wp-content\/uploads\/2022\/10\/IMG_7572-768x1024.jpg\" alt=\"\" class=\"wp-image-403\" srcset=\"https:\/\/www.distillerie-dandelion.com\/wp-content\/uploads\/2022\/10\/IMG_7572-768x1024.jpg 768w, https:\/\/www.distillerie-dandelion.com\/wp-content\/uploads\/2022\/10\/IMG_7572-scaled-600x800.jpg 600w, https:\/\/www.distillerie-dandelion.com\/wp-content\/uploads\/2022\/10\/IMG_7572-225x300.jpg 225w, https:\/\/www.distillerie-dandelion.com\/wp-content\/uploads\/2022\/10\/IMG_7572-1152x1536.jpg 1152w, https:\/\/www.distillerie-dandelion.com\/wp-content\/uploads\/2022\/10\/IMG_7572-1536x2048.jpg 1536w, https:\/\/www.distillerie-dandelion.com\/wp-content\/uploads\/2022\/10\/IMG_7572-1200x1600.jpg 1200w, https:\/\/www.distillerie-dandelion.com\/wp-content\/uploads\/2022\/10\/IMG_7572-1980x2640.jpg 1980w, https:\/\/www.distillerie-dandelion.com\/wp-content\/uploads\/2022\/10\/IMG_7572-scaled.jpg 1920w\" sizes=\"auto, (max-width: 768px) 100vw, 768px\" \/><\/figure>\n\n\n\n<figure class=\"wp-block-image size-large\"><img loading=\"lazy\" decoding=\"async\" width=\"2560\" height=\"1920\" data-id=\"333\" src=\"http:\/\/acuqvnz.cluster029.hosting.ovh.net\/wp-content\/uploads\/2022\/10\/IMG_8714-scaled.jpg\" alt=\"\" class=\"wp-image-333\" srcset=\"https:\/\/www.distillerie-dandelion.com\/wp-content\/uploads\/2022\/10\/IMG_8714-scaled.jpg 2560w, https:\/\/www.distillerie-dandelion.com\/wp-content\/uploads\/2022\/10\/IMG_8714-scaled-600x450.jpg 600w, https:\/\/www.distillerie-dandelion.com\/wp-content\/uploads\/2022\/10\/IMG_8714-300x225.jpg 300w, https:\/\/www.distillerie-dandelion.com\/wp-content\/uploads\/2022\/10\/IMG_8714-1024x768.jpg 1024w, https:\/\/www.distillerie-dandelion.com\/wp-content\/uploads\/2022\/10\/IMG_8714-768x576.jpg 768w, https:\/\/www.distillerie-dandelion.com\/wp-content\/uploads\/2022\/10\/IMG_8714-1536x1152.jpg 1536w, https:\/\/www.distillerie-dandelion.com\/wp-content\/uploads\/2022\/10\/IMG_8714-2048x1536.jpg 2048w, https:\/\/www.distillerie-dandelion.com\/wp-content\/uploads\/2022\/10\/IMG_8714-1200x900.jpg 1200w, https:\/\/www.distillerie-dandelion.com\/wp-content\/uploads\/2022\/10\/IMG_8714-1980x1485.jpg 1980w\" sizes=\"auto, (max-width: 2560px) 100vw, 2560px\" \/><\/figure>\n\n\n\n<figure class=\"wp-block-image size-large\"><img loading=\"lazy\" decoding=\"async\" width=\"1700\" height=\"2560\" data-id=\"238\" src=\"http:\/\/acuqvnz.cluster029.hosting.ovh.net\/wp-content\/uploads\/2022\/10\/DSC_0236-scaled.jpg\" alt=\"\" class=\"wp-image-238\" srcset=\"https:\/\/www.distillerie-dandelion.com\/wp-content\/uploads\/2022\/10\/DSC_0236-scaled.jpg 1700w, https:\/\/www.distillerie-dandelion.com\/wp-content\/uploads\/2022\/10\/DSC_0236-scaled-600x904.jpg 600w, https:\/\/www.distillerie-dandelion.com\/wp-content\/uploads\/2022\/10\/DSC_0236-199x300.jpg 199w, https:\/\/www.distillerie-dandelion.com\/wp-content\/uploads\/2022\/10\/DSC_0236-680x1024.jpg 680w, https:\/\/www.distillerie-dandelion.com\/wp-content\/uploads\/2022\/10\/DSC_0236-768x1156.jpg 768w, https:\/\/www.distillerie-dandelion.com\/wp-content\/uploads\/2022\/10\/DSC_0236-1020x1536.jpg 1020w, https:\/\/www.distillerie-dandelion.com\/wp-content\/uploads\/2022\/10\/DSC_0236-1360x2048.jpg 1360w, https:\/\/www.distillerie-dandelion.com\/wp-content\/uploads\/2022\/10\/DSC_0236-1200x1807.jpg 1200w, https:\/\/www.distillerie-dandelion.com\/wp-content\/uploads\/2022\/10\/DSC_0236-1980x2981.jpg 1980w\" sizes=\"auto, (max-width: 1700px) 100vw, 1700px\" \/><\/figure>\n<\/figure>\n","protected":false},"excerpt":{"rendered":"<p>La plantation du verger a d\u00e9but\u00e9 en 2017, sur 0.5 ha \u00e0 proximit\u00e9 de la maison d&rsquo;habitation. 90 arbres de vari\u00e9t\u00e9s locales de pommiers, poiriers et pruniers ont \u00e9t\u00e9 plant\u00e9s dans la prairie permanente en place depuis des ann\u00e9es. Petit \u00e0 petit, au fur et \u00e0 mesure des boutures r\u00e9ussies et du temps disponible, nous [&hellip;]<\/p>\n","protected":false},"author":1,"featured_media":0,"parent":0,"menu_order":0,"comment_status":"closed","ping_status":"closed","template":"","meta":{"footnotes":""},"class_list":["post-133","page","type-page","status-publish","hentry"],"yoast_head":"<!-- This site is optimized with the Yoast SEO plugin v22.6 - https:\/\/yoast.com\/wordpress\/plugins\/seo\/ -->\n<title>Le verger - Distillerie Dandelion<\/title>\n<meta name=\"robots\" content=\"index, follow, max-snippet:-1, max-image-preview:large, max-video-preview:-1\" \/>\n<link rel=\"canonical\" href=\"https:\/\/www.distillerie-dandelion.com\/index.php\/le-verger\/\" \/>\n<meta property=\"og:locale\" content=\"fr_FR\" \/>\n<meta property=\"og:type\" content=\"article\" \/>\n<meta property=\"og:title\" content=\"Le verger - Distillerie Dandelion\" \/>\n<meta property=\"og:description\" content=\"La plantation du verger a d\u00e9but\u00e9 en 2017, sur 0.5 ha \u00e0 proximit\u00e9 de la maison d&rsquo;habitation. 90 arbres de vari\u00e9t\u00e9s locales de pommiers, poiriers et pruniers ont \u00e9t\u00e9 plant\u00e9s dans la prairie permanente en place depuis des ann\u00e9es. Petit \u00e0 petit, au fur et \u00e0 mesure des boutures r\u00e9ussies et du temps disponible, nous [&hellip;]\" \/>\n<meta property=\"og:url\" content=\"https:\/\/www.distillerie-dandelion.com\/index.php\/le-verger\/\" \/>\n<meta property=\"og:site_name\" content=\"Distillerie Dandelion\" \/>\n<meta property=\"article:modified_time\" content=\"2024-04-09T07:19:46+00:00\" \/>\n<meta property=\"og:image\" content=\"http:\/\/acuqvnz.cluster029.hosting.ovh.net\/wp-content\/uploads\/2022\/10\/IMG_8655-768x1024.jpg\" \/>\n<meta name=\"twitter:card\" content=\"summary_large_image\" \/>\n<meta name=\"twitter:label1\" content=\"Dur\u00e9e de lecture estim\u00e9e\" \/>\n\t<meta name=\"twitter:data1\" content=\"1 minute\" \/>\n<script type=\"application\/ld+json\" class=\"yoast-schema-graph\">{\"@context\":\"https:\/\/schema.org\",\"@graph\":[{\"@type\":\"WebPage\",\"@id\":\"https:\/\/www.distillerie-dandelion.com\/index.php\/le-verger\/\",\"url\":\"https:\/\/www.distillerie-dandelion.com\/index.php\/le-verger\/\",\"name\":\"Le verger - Distillerie Dandelion\",\"isPartOf\":{\"@id\":\"https:\/\/www.distillerie-dandelion.com\/#website\"},\"primaryImageOfPage\":{\"@id\":\"https:\/\/www.distillerie-dandelion.com\/index.php\/le-verger\/#primaryimage\"},\"image\":{\"@id\":\"https:\/\/www.distillerie-dandelion.com\/index.php\/le-verger\/#primaryimage\"},\"thumbnailUrl\":\"http:\/\/acuqvnz.cluster029.hosting.ovh.net\/wp-content\/uploads\/2022\/10\/IMG_8655-768x1024.jpg\",\"datePublished\":\"2022-10-02T14:00:23+00:00\",\"dateModified\":\"2024-04-09T07:19:46+00:00\",\"breadcrumb\":{\"@id\":\"https:\/\/www.distillerie-dandelion.com\/index.php\/le-verger\/#breadcrumb\"},\"inLanguage\":\"fr-FR\",\"potentialAction\":[{\"@type\":\"ReadAction\",\"target\":[\"https:\/\/www.distillerie-dandelion.com\/index.php\/le-verger\/\"]}]},{\"@type\":\"ImageObject\",\"inLanguage\":\"fr-FR\",\"@id\":\"https:\/\/www.distillerie-dandelion.com\/index.php\/le-verger\/#primaryimage\",\"url\":\"http:\/\/acuqvnz.cluster029.hosting.ovh.net\/wp-content\/uploads\/2022\/10\/IMG_8655-768x1024.jpg\",\"contentUrl\":\"http:\/\/acuqvnz.cluster029.hosting.ovh.net\/wp-content\/uploads\/2022\/10\/IMG_8655-768x1024.jpg\"},{\"@type\":\"BreadcrumbList\",\"@id\":\"https:\/\/www.distillerie-dandelion.com\/index.php\/le-verger\/#breadcrumb\",\"itemListElement\":[{\"@type\":\"ListItem\",\"position\":1,\"name\":\"Accueil\",\"item\":\"https:\/\/www.distillerie-dandelion.com\/\"},{\"@type\":\"ListItem\",\"position\":2,\"name\":\"Le verger\"}]},{\"@type\":\"WebSite\",\"@id\":\"https:\/\/www.distillerie-dandelion.com\/#website\",\"url\":\"https:\/\/www.distillerie-dandelion.com\/\",\"name\":\"Distillerie Dandelion\",\"description\":\"Distillerie paysanne en Limousin\",\"potentialAction\":[{\"@type\":\"SearchAction\",\"target\":{\"@type\":\"EntryPoint\",\"urlTemplate\":\"https:\/\/www.distillerie-dandelion.com\/?s={search_term_string}\"},\"query-input\":\"required name=search_term_string\"}],\"inLanguage\":\"fr-FR\"}]}<\/script>\n<!-- \/ Yoast SEO plugin. -->","yoast_head_json":{"title":"Le verger - Distillerie Dandelion","robots":{"index":"index","follow":"follow","max-snippet":"max-snippet:-1","max-image-preview":"max-image-preview:large","max-video-preview":"max-video-preview:-1"},"canonical":"https:\/\/www.distillerie-dandelion.com\/index.php\/le-verger\/","og_locale":"fr_FR","og_type":"article","og_title":"Le verger - Distillerie Dandelion","og_description":"La plantation du verger a d\u00e9but\u00e9 en 2017, sur 0.5 ha \u00e0 proximit\u00e9 de la maison d&rsquo;habitation. 90 arbres de vari\u00e9t\u00e9s locales de pommiers, poiriers et pruniers ont \u00e9t\u00e9 plant\u00e9s dans la prairie permanente en place depuis des ann\u00e9es. Petit \u00e0 petit, au fur et \u00e0 mesure des boutures r\u00e9ussies et du temps disponible, nous [&hellip;]","og_url":"https:\/\/www.distillerie-dandelion.com\/index.php\/le-verger\/","og_site_name":"Distillerie Dandelion","article_modified_time":"2024-04-09T07:19:46+00:00","og_image":[{"url":"http:\/\/acuqvnz.cluster029.hosting.ovh.net\/wp-content\/uploads\/2022\/10\/IMG_8655-768x1024.jpg"}],"twitter_card":"summary_large_image","twitter_misc":{"Dur\u00e9e de lecture estim\u00e9e":"1 minute"},"schema":{"@context":"https:\/\/schema.org","@graph":[{"@type":"WebPage","@id":"https:\/\/www.distillerie-dandelion.com\/index.php\/le-verger\/","url":"https:\/\/www.distillerie-dandelion.com\/index.php\/le-verger\/","name":"Le verger - Distillerie Dandelion","isPartOf":{"@id":"https:\/\/www.distillerie-dandelion.com\/#website"},"primaryImageOfPage":{"@id":"https:\/\/www.distillerie-dandelion.com\/index.php\/le-verger\/#primaryimage"},"image":{"@id":"https:\/\/www.distillerie-dandelion.com\/index.php\/le-verger\/#primaryimage"},"thumbnailUrl":"http:\/\/acuqvnz.cluster029.hosting.ovh.net\/wp-content\/uploads\/2022\/10\/IMG_8655-768x1024.jpg","datePublished":"2022-10-02T14:00:23+00:00","dateModified":"2024-04-09T07:19:46+00:00","breadcrumb":{"@id":"https:\/\/www.distillerie-dandelion.com\/index.php\/le-verger\/#breadcrumb"},"inLanguage":"fr-FR","potentialAction":[{"@type":"ReadAction","target":["https:\/\/www.distillerie-dandelion.com\/index.php\/le-verger\/"]}]},{"@type":"ImageObject","inLanguage":"fr-FR","@id":"https:\/\/www.distillerie-dandelion.com\/index.php\/le-verger\/#primaryimage","url":"http:\/\/acuqvnz.cluster029.hosting.ovh.net\/wp-content\/uploads\/2022\/10\/IMG_8655-768x1024.jpg","contentUrl":"http:\/\/acuqvnz.cluster029.hosting.ovh.net\/wp-content\/uploads\/2022\/10\/IMG_8655-768x1024.jpg"},{"@type":"BreadcrumbList","@id":"https:\/\/www.distillerie-dandelion.com\/index.php\/le-verger\/#breadcrumb","itemListElement":[{"@type":"ListItem","position":1,"name":"Accueil","item":"https:\/\/www.distillerie-dandelion.com\/"},{"@type":"ListItem","position":2,"name":"Le verger"}]},{"@type":"WebSite","@id":"https:\/\/www.distillerie-dandelion.com\/#website","url":"https:\/\/www.distillerie-dandelion.com\/","name":"Distillerie Dandelion","description":"Distillerie paysanne en Limousin","potentialAction":[{"@type":"SearchAction","target":{"@type":"EntryPoint","urlTemplate":"https:\/\/www.distillerie-dandelion.com\/?s={search_term_string}"},"query-input":"required name=search_term_string"}],"inLanguage":"fr-FR"}]}},"_links":{"self":[{"href":"https:\/\/www.distillerie-dandelion.com\/index.php\/wp-json\/wp\/v2\/pages\/133","targetHints":{"allow":["GET"]}}],"collection":[{"href":"https:\/\/www.distillerie-dandelion.com\/index.php\/wp-json\/wp\/v2\/pages"}],"about":[{"href":"https:\/\/www.distillerie-dandelion.com\/index.php\/wp-json\/wp\/v2\/types\/page"}],"author":[{"embeddable":true,"href":"https:\/\/www.distillerie-dandelion.com\/index.php\/wp-json\/wp\/v2\/users\/1"}],"replies":[{"embeddable":true,"href":"https:\/\/www.distillerie-dandelion.com\/index.php\/wp-json\/wp\/v2\/comments?post=133"}],"version-history":[{"count":11,"href":"https:\/\/www.distillerie-dandelion.com\/index.php\/wp-json\/wp\/v2\/pages\/133\/revisions"}],"predecessor-version":[{"id":552,"href":"https:\/\/www.distillerie-dandelion.com\/index.php\/wp-json\/wp\/v2\/pages\/133\/revisions\/552"}],"wp:attachment":[{"href":"https:\/\/www.distillerie-dandelion.com\/index.php\/wp-json\/wp\/v2\/media?parent=133"}],"curies":[{"name":"wp","href":"https:\/\/api.w.org\/{rel}","templated":true}]}}