{"id":131,"date":"2022-10-02T15:58:20","date_gmt":"2022-10-02T13:58:20","guid":{"rendered":"http:\/\/acuqvnz.cluster029.hosting.ovh.net\/?page_id=131"},"modified":"2025-11-23T17:31:48","modified_gmt":"2025-11-23T16:31:48","slug":"la-miellerie-2","status":"publish","type":"page","link":"https:\/\/www.distillerie-dandelion.com\/index.php\/la-miellerie-2\/","title":{"rendered":"La miellerie"},"content":{"rendered":"\n<div class=\"wp-block-media-text alignwide is-stacked-on-mobile\"><figure class=\"wp-block-media-text__media\"><img loading=\"lazy\" decoding=\"async\" width=\"768\" height=\"1024\" src=\"http:\/\/acuqvnz.cluster029.hosting.ovh.net\/wp-content\/uploads\/2022\/10\/IMG_9527-768x1024.jpg\" alt=\"\" class=\"wp-image-342 size-full\" srcset=\"https:\/\/www.distillerie-dandelion.com\/wp-content\/uploads\/2022\/10\/IMG_9527-768x1024.jpg 768w, https:\/\/www.distillerie-dandelion.com\/wp-content\/uploads\/2022\/10\/IMG_9527-scaled-600x800.jpg 600w, https:\/\/www.distillerie-dandelion.com\/wp-content\/uploads\/2022\/10\/IMG_9527-225x300.jpg 225w, https:\/\/www.distillerie-dandelion.com\/wp-content\/uploads\/2022\/10\/IMG_9527-1152x1536.jpg 1152w, https:\/\/www.distillerie-dandelion.com\/wp-content\/uploads\/2022\/10\/IMG_9527-1536x2048.jpg 1536w, https:\/\/www.distillerie-dandelion.com\/wp-content\/uploads\/2022\/10\/IMG_9527-1200x1600.jpg 1200w, https:\/\/www.distillerie-dandelion.com\/wp-content\/uploads\/2022\/10\/IMG_9527-1980x2640.jpg 1980w, https:\/\/www.distillerie-dandelion.com\/wp-content\/uploads\/2022\/10\/IMG_9527-scaled.jpg 1920w\" sizes=\"auto, (max-width: 768px) 100vw, 768px\" \/><\/figure><div class=\"wp-block-media-text__content\">\n<h2 class=\"wp-block-heading\">Les produits de la ruche<\/h2>\n\n\n\n<p>La Miellerie Dandelion a \u00e9t\u00e9 cr\u00e9\u00e9e en 2016. Les ruchers sont tous situ\u00e9s sur le territoire du Parc Naturel R\u00e9gional P\u00e9rigord-Limousin. Ils sont conduits selon le cahier des charges de l&rsquo;agriculture biologique et sans transhumance.<\/p>\n\n\n\n<p>Les abeilles r\u00e9coltent le nectar disponible gr\u00e2ce \u00e0 la flore naturelle et cultiv\u00e9e environnante, et permettent une production de miel de fleurs de printemps (pruniers et merisiers, pissenlit), de miel de fleurs d&rsquo;\u00e9t\u00e9 (\u00e0 dominante de nectar de ronce) et de miel de sarrasin.<\/p>\n\n\n\n<p>L&rsquo;apicultrice r\u00e9colte \u00e9galement le pollen, la propolis, et la cire d&rsquo;abeille pour la confection de bougies.<\/p>\n\n\n\n<p>Retrouvez toutes les informations sur la Miellerie Dandelion sur le site : <\/p>\n\n\n\n<div class=\"wp-block-buttons is-layout-flex wp-block-buttons-is-layout-flex\">\n<div class=\"wp-block-button\"><a class=\"wp-block-button__link has-background wp-element-button\" href=\"https:\/\/miellerie-distillerie-dandelion.sumupstore.com\/\" style=\"background-color:#2d3871\" target=\"_blank\" rel=\"noreferrer noopener\">La boutique >>>><\/a><\/div>\n<\/div>\n\n\n\n<p><\/p>\n<\/div><\/div>\n\n\n\n<div class=\"wp-block-media-text alignwide has-media-on-the-right is-stacked-on-mobile\"><div class=\"wp-block-media-text__content\">\n<h2 class=\"wp-block-heading\">Des pollinisatrices alli\u00e9es du verger<\/h2>\n\n\n\n<p>Les abeilles domestiques participent, avec les abeilles sauvages (dont il existe une tr\u00e8s grande vari\u00e9t\u00e9 en France, on en compte environ 1000 esp\u00e8ces!) \u00e0 la pollinisation des fleurs, et donc \u00e0 la production de fruits. Sans pollinisateurs, pas de r\u00e9colte de pommes, de poires ou de coings! Par ailleurs, les abeilles domestiques raffolent des nectars de framboises et de menthe. <\/p>\n\n\n\n<p><\/p>\n\n\n\n<p><\/p>\n\n\n\n<p><\/p>\n<\/div><figure class=\"wp-block-media-text__media\"><img loading=\"lazy\" decoding=\"async\" width=\"768\" height=\"1024\" src=\"http:\/\/acuqvnz.cluster029.hosting.ovh.net\/wp-content\/uploads\/2022\/10\/IMG_9012-768x1024.jpg\" alt=\"\" class=\"wp-image-340 size-full\" srcset=\"https:\/\/www.distillerie-dandelion.com\/wp-content\/uploads\/2022\/10\/IMG_9012-768x1024.jpg 768w, https:\/\/www.distillerie-dandelion.com\/wp-content\/uploads\/2022\/10\/IMG_9012-scaled-600x800.jpg 600w, https:\/\/www.distillerie-dandelion.com\/wp-content\/uploads\/2022\/10\/IMG_9012-225x300.jpg 225w, https:\/\/www.distillerie-dandelion.com\/wp-content\/uploads\/2022\/10\/IMG_9012-1152x1536.jpg 1152w, https:\/\/www.distillerie-dandelion.com\/wp-content\/uploads\/2022\/10\/IMG_9012-1536x2048.jpg 1536w, https:\/\/www.distillerie-dandelion.com\/wp-content\/uploads\/2022\/10\/IMG_9012-1200x1600.jpg 1200w, https:\/\/www.distillerie-dandelion.com\/wp-content\/uploads\/2022\/10\/IMG_9012-1980x2640.jpg 1980w, https:\/\/www.distillerie-dandelion.com\/wp-content\/uploads\/2022\/10\/IMG_9012-scaled.jpg 1920w\" sizes=\"auto, (max-width: 768px) 100vw, 768px\" \/><\/figure><\/div>\n","protected":false},"excerpt":{"rendered":"<p>Des pollinisatrices alli\u00e9es du verger Les abeilles domestiques participent, avec les abeilles sauvages (dont il existe une tr\u00e8s grande vari\u00e9t\u00e9 en France, on en compte environ 1000 esp\u00e8ces!) \u00e0 la pollinisation des fleurs, et donc \u00e0 la production de fruits. Sans pollinisateurs, pas de r\u00e9colte de pommes, de poires ou de coings! Par ailleurs, les [&hellip;]<\/p>\n","protected":false},"author":1,"featured_media":0,"parent":0,"menu_order":0,"comment_status":"closed","ping_status":"closed","template":"","meta":{"footnotes":""},"class_list":["post-131","page","type-page","status-publish","hentry"],"yoast_head":"<!-- This site is optimized with the Yoast SEO plugin v22.6 - https:\/\/yoast.com\/wordpress\/plugins\/seo\/ -->\n<title>La miellerie - Distillerie Dandelion<\/title>\n<meta name=\"robots\" content=\"index, follow, max-snippet:-1, max-image-preview:large, max-video-preview:-1\" \/>\n<link rel=\"canonical\" href=\"https:\/\/www.distillerie-dandelion.com\/index.php\/la-miellerie-2\/\" \/>\n<meta property=\"og:locale\" content=\"fr_FR\" \/>\n<meta property=\"og:type\" content=\"article\" \/>\n<meta property=\"og:title\" content=\"La miellerie - Distillerie Dandelion\" \/>\n<meta property=\"og:description\" content=\"Des pollinisatrices alli\u00e9es du verger Les abeilles domestiques participent, avec les abeilles sauvages (dont il existe une tr\u00e8s grande vari\u00e9t\u00e9 en France, on en compte environ 1000 esp\u00e8ces!) \u00e0 la pollinisation des fleurs, et donc \u00e0 la production de fruits. Sans pollinisateurs, pas de r\u00e9colte de pommes, de poires ou de coings! Par ailleurs, les [&hellip;]\" \/>\n<meta property=\"og:url\" content=\"https:\/\/www.distillerie-dandelion.com\/index.php\/la-miellerie-2\/\" \/>\n<meta property=\"og:site_name\" content=\"Distillerie Dandelion\" \/>\n<meta property=\"article:modified_time\" content=\"2025-11-23T16:31:48+00:00\" \/>\n<meta property=\"og:image\" content=\"http:\/\/acuqvnz.cluster029.hosting.ovh.net\/wp-content\/uploads\/2022\/10\/IMG_9527-768x1024.jpg\" \/>\n<meta name=\"twitter:card\" content=\"summary_large_image\" \/>\n<meta name=\"twitter:label1\" content=\"Dur\u00e9e de lecture estim\u00e9e\" \/>\n\t<meta name=\"twitter:data1\" content=\"2 minutes\" \/>\n<script type=\"application\/ld+json\" class=\"yoast-schema-graph\">{\"@context\":\"https:\/\/schema.org\",\"@graph\":[{\"@type\":\"WebPage\",\"@id\":\"https:\/\/www.distillerie-dandelion.com\/index.php\/la-miellerie-2\/\",\"url\":\"https:\/\/www.distillerie-dandelion.com\/index.php\/la-miellerie-2\/\",\"name\":\"La miellerie - Distillerie Dandelion\",\"isPartOf\":{\"@id\":\"https:\/\/www.distillerie-dandelion.com\/#website\"},\"primaryImageOfPage\":{\"@id\":\"https:\/\/www.distillerie-dandelion.com\/index.php\/la-miellerie-2\/#primaryimage\"},\"image\":{\"@id\":\"https:\/\/www.distillerie-dandelion.com\/index.php\/la-miellerie-2\/#primaryimage\"},\"thumbnailUrl\":\"http:\/\/acuqvnz.cluster029.hosting.ovh.net\/wp-content\/uploads\/2022\/10\/IMG_9527-768x1024.jpg\",\"datePublished\":\"2022-10-02T13:58:20+00:00\",\"dateModified\":\"2025-11-23T16:31:48+00:00\",\"breadcrumb\":{\"@id\":\"https:\/\/www.distillerie-dandelion.com\/index.php\/la-miellerie-2\/#breadcrumb\"},\"inLanguage\":\"fr-FR\",\"potentialAction\":[{\"@type\":\"ReadAction\",\"target\":[\"https:\/\/www.distillerie-dandelion.com\/index.php\/la-miellerie-2\/\"]}]},{\"@type\":\"ImageObject\",\"inLanguage\":\"fr-FR\",\"@id\":\"https:\/\/www.distillerie-dandelion.com\/index.php\/la-miellerie-2\/#primaryimage\",\"url\":\"http:\/\/acuqvnz.cluster029.hosting.ovh.net\/wp-content\/uploads\/2022\/10\/IMG_9527-768x1024.jpg\",\"contentUrl\":\"http:\/\/acuqvnz.cluster029.hosting.ovh.net\/wp-content\/uploads\/2022\/10\/IMG_9527-768x1024.jpg\"},{\"@type\":\"BreadcrumbList\",\"@id\":\"https:\/\/www.distillerie-dandelion.com\/index.php\/la-miellerie-2\/#breadcrumb\",\"itemListElement\":[{\"@type\":\"ListItem\",\"position\":1,\"name\":\"Accueil\",\"item\":\"https:\/\/www.distillerie-dandelion.com\/\"},{\"@type\":\"ListItem\",\"position\":2,\"name\":\"La miellerie\"}]},{\"@type\":\"WebSite\",\"@id\":\"https:\/\/www.distillerie-dandelion.com\/#website\",\"url\":\"https:\/\/www.distillerie-dandelion.com\/\",\"name\":\"Distillerie Dandelion\",\"description\":\"Distillerie paysanne en Limousin\",\"potentialAction\":[{\"@type\":\"SearchAction\",\"target\":{\"@type\":\"EntryPoint\",\"urlTemplate\":\"https:\/\/www.distillerie-dandelion.com\/?s={search_term_string}\"},\"query-input\":\"required name=search_term_string\"}],\"inLanguage\":\"fr-FR\"}]}<\/script>\n<!-- \/ Yoast SEO plugin. -->","yoast_head_json":{"title":"La miellerie - Distillerie Dandelion","robots":{"index":"index","follow":"follow","max-snippet":"max-snippet:-1","max-image-preview":"max-image-preview:large","max-video-preview":"max-video-preview:-1"},"canonical":"https:\/\/www.distillerie-dandelion.com\/index.php\/la-miellerie-2\/","og_locale":"fr_FR","og_type":"article","og_title":"La miellerie - Distillerie Dandelion","og_description":"Des pollinisatrices alli\u00e9es du verger Les abeilles domestiques participent, avec les abeilles sauvages (dont il existe une tr\u00e8s grande vari\u00e9t\u00e9 en France, on en compte environ 1000 esp\u00e8ces!) \u00e0 la pollinisation des fleurs, et donc \u00e0 la production de fruits. Sans pollinisateurs, pas de r\u00e9colte de pommes, de poires ou de coings! Par ailleurs, les [&hellip;]","og_url":"https:\/\/www.distillerie-dandelion.com\/index.php\/la-miellerie-2\/","og_site_name":"Distillerie Dandelion","article_modified_time":"2025-11-23T16:31:48+00:00","og_image":[{"url":"http:\/\/acuqvnz.cluster029.hosting.ovh.net\/wp-content\/uploads\/2022\/10\/IMG_9527-768x1024.jpg"}],"twitter_card":"summary_large_image","twitter_misc":{"Dur\u00e9e de lecture estim\u00e9e":"2 minutes"},"schema":{"@context":"https:\/\/schema.org","@graph":[{"@type":"WebPage","@id":"https:\/\/www.distillerie-dandelion.com\/index.php\/la-miellerie-2\/","url":"https:\/\/www.distillerie-dandelion.com\/index.php\/la-miellerie-2\/","name":"La miellerie - Distillerie Dandelion","isPartOf":{"@id":"https:\/\/www.distillerie-dandelion.com\/#website"},"primaryImageOfPage":{"@id":"https:\/\/www.distillerie-dandelion.com\/index.php\/la-miellerie-2\/#primaryimage"},"image":{"@id":"https:\/\/www.distillerie-dandelion.com\/index.php\/la-miellerie-2\/#primaryimage"},"thumbnailUrl":"http:\/\/acuqvnz.cluster029.hosting.ovh.net\/wp-content\/uploads\/2022\/10\/IMG_9527-768x1024.jpg","datePublished":"2022-10-02T13:58:20+00:00","dateModified":"2025-11-23T16:31:48+00:00","breadcrumb":{"@id":"https:\/\/www.distillerie-dandelion.com\/index.php\/la-miellerie-2\/#breadcrumb"},"inLanguage":"fr-FR","potentialAction":[{"@type":"ReadAction","target":["https:\/\/www.distillerie-dandelion.com\/index.php\/la-miellerie-2\/"]}]},{"@type":"ImageObject","inLanguage":"fr-FR","@id":"https:\/\/www.distillerie-dandelion.com\/index.php\/la-miellerie-2\/#primaryimage","url":"http:\/\/acuqvnz.cluster029.hosting.ovh.net\/wp-content\/uploads\/2022\/10\/IMG_9527-768x1024.jpg","contentUrl":"http:\/\/acuqvnz.cluster029.hosting.ovh.net\/wp-content\/uploads\/2022\/10\/IMG_9527-768x1024.jpg"},{"@type":"BreadcrumbList","@id":"https:\/\/www.distillerie-dandelion.com\/index.php\/la-miellerie-2\/#breadcrumb","itemListElement":[{"@type":"ListItem","position":1,"name":"Accueil","item":"https:\/\/www.distillerie-dandelion.com\/"},{"@type":"ListItem","position":2,"name":"La miellerie"}]},{"@type":"WebSite","@id":"https:\/\/www.distillerie-dandelion.com\/#website","url":"https:\/\/www.distillerie-dandelion.com\/","name":"Distillerie Dandelion","description":"Distillerie paysanne en Limousin","potentialAction":[{"@type":"SearchAction","target":{"@type":"EntryPoint","urlTemplate":"https:\/\/www.distillerie-dandelion.com\/?s={search_term_string}"},"query-input":"required name=search_term_string"}],"inLanguage":"fr-FR"}]}},"_links":{"self":[{"href":"https:\/\/www.distillerie-dandelion.com\/index.php\/wp-json\/wp\/v2\/pages\/131","targetHints":{"allow":["GET"]}}],"collection":[{"href":"https:\/\/www.distillerie-dandelion.com\/index.php\/wp-json\/wp\/v2\/pages"}],"about":[{"href":"https:\/\/www.distillerie-dandelion.com\/index.php\/wp-json\/wp\/v2\/types\/page"}],"author":[{"embeddable":true,"href":"https:\/\/www.distillerie-dandelion.com\/index.php\/wp-json\/wp\/v2\/users\/1"}],"replies":[{"embeddable":true,"href":"https:\/\/www.distillerie-dandelion.com\/index.php\/wp-json\/wp\/v2\/comments?post=131"}],"version-history":[{"count":13,"href":"https:\/\/www.distillerie-dandelion.com\/index.php\/wp-json\/wp\/v2\/pages\/131\/revisions"}],"predecessor-version":[{"id":612,"href":"https:\/\/www.distillerie-dandelion.com\/index.php\/wp-json\/wp\/v2\/pages\/131\/revisions\/612"}],"wp:attachment":[{"href":"https:\/\/www.distillerie-dandelion.com\/index.php\/wp-json\/wp\/v2\/media?parent=131"}],"curies":[{"name":"wp","href":"https:\/\/api.w.org\/{rel}","templated":true}]}}